{"id":5432,"date":"2026-04-15T05:50:41","date_gmt":"2026-04-15T05:50:41","guid":{"rendered":"https:\/\/www.wonpet.com\/?post_type=product&#038;p=5432"},"modified":"2026-04-15T05:51:58","modified_gmt":"2026-04-15T05:51:58","slug":"cat-toys-ball-quiet-play-with-feather","status":"publish","type":"product","link":"https:\/\/www.wonpet.com\/cs\/produkt\/cat-toys-ball-quiet-play-with-feather\/","title":{"rendered":"Hra\u010dky pro ko\u010dky M\u00ed\u010d Tich\u00e1 hra s pe\u0159\u00edm"},"content":{"rendered":"","protected":false},"excerpt":{"rendered":"<p>ITEM NO.: CT2401034<\/p>\n<p>SIZE: 3cm &hellip; <a href=\"https:\/\/www.wonpet.com\/cs\/produkt\/cat-toys-ball-quiet-play-with-feather\/\" class=\"more-link\"><span class=\"more-button\">Kup nyn\u00ed<span class=\"screen-reader-text\">Hra\u010dky pro ko\u010dky M\u00ed\u010d Tich\u00e1 hra s pe\u0159\u00edm<\/span><\/span><\/a><\/p>","protected":false},"featured_media":5434,"template":"","meta":[],"product_brand":[],"product_cat":[44,19],"product_tag":[125,129],"class_list":{"0":"post-5432","1":"product","2":"type-product","3":"status-publish","4":"has-post-thumbnail","6":"product_cat-cat-ball","7":"product_cat-cat_toy","8":"product_tag-cat-supply","9":"product_tag-funny-cat-balls","11":"first","12":"instock","13":"shipping-taxable","14":"product-type-simple"},"_links":{"self":[{"href":"https:\/\/www.wonpet.com\/cs\/wp-json\/wp\/v2\/product\/5432","targetHints":{"allow":["GET"]}}],"collection":[{"href":"https:\/\/www.wonpet.com\/cs\/wp-json\/wp\/v2\/product"}],"about":[{"href":"https:\/\/www.wonpet.com\/cs\/wp-json\/wp\/v2\/types\/product"}],"wp:featuredmedia":[{"embeddable":true,"href":"https:\/\/www.wonpet.com\/cs\/wp-json\/wp\/v2\/media\/5434"}],"wp:attachment":[{"href":"https:\/\/www.wonpet.com\/cs\/wp-json\/wp\/v2\/media?parent=5432"}],"wp:term":[{"taxonomy":"product_brand","embeddable":true,"href":"https:\/\/www.wonpet.com\/cs\/wp-json\/wp\/v2\/product_brand?post=5432"},{"taxonomy":"product_cat","embeddable":true,"href":"https:\/\/www.wonpet.com\/cs\/wp-json\/wp\/v2\/product_cat?post=5432"},{"taxonomy":"product_tag","embeddable":true,"href":"https:\/\/www.wonpet.com\/cs\/wp-json\/wp\/v2\/product_tag?post=5432"}],"curies":[{"name":"wp","href":"https:\/\/api.w.org\/{rel}","templated":true}]}}