{"id":536,"date":"2019-11-06T02:57:36","date_gmt":"2019-11-06T02:57:36","guid":{"rendered":"https:\/\/www.wonpet.com\/?post_type=product&#038;p=536"},"modified":"2019-11-06T02:57:37","modified_gmt":"2019-11-06T02:57:37","slug":"pet-plastovy-kartac-psi-kartac-pro-psi-pouziti-2","status":"publish","type":"product","link":"https:\/\/www.wonpet.com\/cs\/produkt\/pet-plastovy-kartac-psi-kartac-pro-psi-pouziti-2\/","title":{"rendered":"Pet Plastic Brush Dog Grooming Brush pro pou\u017eit\u00ed u ps\u016f"},"content":{"rendered":"","protected":false},"excerpt":{"rendered":"<p><strong>\u010c\u00cdSLO POLO\u017dKY: G1019A<\/strong><\/p>\n<p><strong>VELIKOST: 22,5 * 8CM<\/strong> \u2026 <a href=\"https:\/\/www.wonpet.com\/cs\/produkt\/pet-plastovy-kartac-psi-kartac-pro-psi-pouziti-2\/\" class=\"more-link\"><span class=\"more-button\">Kup nyn\u00ed<span class=\"screen-reader-text\">Pet Plastic Brush Dog Grooming Brush pro pou\u017eit\u00ed u ps\u016f<\/span><\/span><\/a><\/p>","protected":false},"featured_media":537,"template":"","meta":[],"product_brand":[],"product_cat":[60,59],"product_tag":[103,102],"class_list":{"0":"post-536","1":"product","2":"type-product","3":"status-publish","4":"has-post-thumbnail","6":"product_cat-grooming","7":"product_cat-pet-supplies","8":"product_tag-double-size-brush","9":"product_tag-pet-plastic-brush","11":"first","12":"instock","13":"shipping-taxable","14":"product-type-simple"},"_links":{"self":[{"href":"https:\/\/www.wonpet.com\/cs\/wp-json\/wp\/v2\/product\/536","targetHints":{"allow":["GET"]}}],"collection":[{"href":"https:\/\/www.wonpet.com\/cs\/wp-json\/wp\/v2\/product"}],"about":[{"href":"https:\/\/www.wonpet.com\/cs\/wp-json\/wp\/v2\/types\/product"}],"wp:featuredmedia":[{"embeddable":true,"href":"https:\/\/www.wonpet.com\/cs\/wp-json\/wp\/v2\/media\/537"}],"wp:attachment":[{"href":"https:\/\/www.wonpet.com\/cs\/wp-json\/wp\/v2\/media?parent=536"}],"wp:term":[{"taxonomy":"product_brand","embeddable":true,"href":"https:\/\/www.wonpet.com\/cs\/wp-json\/wp\/v2\/product_brand?post=536"},{"taxonomy":"product_cat","embeddable":true,"href":"https:\/\/www.wonpet.com\/cs\/wp-json\/wp\/v2\/product_cat?post=536"},{"taxonomy":"product_tag","embeddable":true,"href":"https:\/\/www.wonpet.com\/cs\/wp-json\/wp\/v2\/product_tag?post=536"}],"curies":[{"name":"wp","href":"https:\/\/api.w.org\/{rel}","templated":true}]}}