{"id":528,"date":"2019-11-06T02:32:59","date_gmt":"2019-11-06T02:32:59","guid":{"rendered":"https:\/\/www.wonpet.com\/?post_type=product&#038;p=528"},"modified":"2019-11-06T02:32:59","modified_gmt":"2019-11-06T02:32:59","slug":"mazlicek-dreveny-kartac-psi-kartac-pro-pouzivani-psa-3","status":"publish","type":"product","link":"https:\/\/www.wonpet.com\/cs\/produkt\/mazlicek-dreveny-kartac-psi-kartac-pro-pouzivani-psa-3\/","title":{"rendered":"Pet Wooden Brush Dog Grooming Brush pro pou\u017eit\u00ed u ps\u016f"},"content":{"rendered":"","protected":false},"excerpt":{"rendered":"<p><strong>\u010c\u00cdSLO POLO\u017dKY: 817 \/ 813-1 \/ 815<\/strong><\/p>\n<p><strong>VELIKOST: 17,5 * 5CM \/ 21,5 * 6CM \/ 23,5 * 7CM<\/strong> \u2026 <a href=\"https:\/\/www.wonpet.com\/cs\/produkt\/mazlicek-dreveny-kartac-psi-kartac-pro-pouzivani-psa-3\/\" class=\"more-link\"><span class=\"more-button\">Kup nyn\u00ed<span class=\"screen-reader-text\">Pet Wooden Brush Dog Grooming Brush pro pou\u017eit\u00ed u ps\u016f<\/span><\/span><\/a><\/p>","protected":false},"featured_media":519,"template":"","meta":[],"product_brand":[],"product_cat":[60,59],"product_tag":[96],"class_list":{"0":"post-528","1":"product","2":"type-product","3":"status-publish","4":"has-post-thumbnail","6":"product_cat-grooming","7":"product_cat-pet-supplies","8":"product_tag-pet-brush","10":"first","11":"instock","12":"shipping-taxable","13":"product-type-simple"},"_links":{"self":[{"href":"https:\/\/www.wonpet.com\/cs\/wp-json\/wp\/v2\/product\/528","targetHints":{"allow":["GET"]}}],"collection":[{"href":"https:\/\/www.wonpet.com\/cs\/wp-json\/wp\/v2\/product"}],"about":[{"href":"https:\/\/www.wonpet.com\/cs\/wp-json\/wp\/v2\/types\/product"}],"wp:featuredmedia":[{"embeddable":true,"href":"https:\/\/www.wonpet.com\/cs\/wp-json\/wp\/v2\/media\/519"}],"wp:attachment":[{"href":"https:\/\/www.wonpet.com\/cs\/wp-json\/wp\/v2\/media?parent=528"}],"wp:term":[{"taxonomy":"product_brand","embeddable":true,"href":"https:\/\/www.wonpet.com\/cs\/wp-json\/wp\/v2\/product_brand?post=528"},{"taxonomy":"product_cat","embeddable":true,"href":"https:\/\/www.wonpet.com\/cs\/wp-json\/wp\/v2\/product_cat?post=528"},{"taxonomy":"product_tag","embeddable":true,"href":"https:\/\/www.wonpet.com\/cs\/wp-json\/wp\/v2\/product_tag?post=528"}],"curies":[{"name":"wp","href":"https:\/\/api.w.org\/{rel}","templated":true}]}}