{"id":5233,"date":"2023-04-14T05:46:56","date_gmt":"2023-04-14T05:46:56","guid":{"rendered":"https:\/\/www.wonpet.com\/?post_type=product&#038;p=5233"},"modified":"2023-04-14T05:46:56","modified_gmt":"2023-04-14T05:46:56","slug":"plysovy-psi-hracky-s-praskajicim-zvukem-8","status":"publish","type":"product","link":"https:\/\/www.wonpet.com\/cs\/produkt\/plysovy-psi-hracky-s-praskajicim-zvukem-8\/","title":{"rendered":"Ply\u0161ov\u00e9 hra\u010dky pro psy s praskaj\u00edc\u00edm zvukem"},"content":{"rendered":"","protected":false},"excerpt":{"rendered":"<p>\u010c\u00cdSLO POLO\u017dKY: PL2303028<br \/>\nVELIKOST: 20 cm\u2026 <a href=\"https:\/\/www.wonpet.com\/cs\/produkt\/plysovy-psi-hracky-s-praskajicim-zvukem-8\/\" class=\"more-link\"><span class=\"more-button\">Kup nyn\u00ed<span class=\"screen-reader-text\">Ply\u0161ov\u00e9 hra\u010dky pro psy s praskaj\u00edc\u00edm zvukem<\/span><\/span><\/a><\/p>","protected":false},"featured_media":5235,"template":"","meta":[],"product_brand":[],"product_cat":[18,51],"product_tag":[],"class_list":{"0":"post-5233","1":"product","2":"type-product","3":"status-publish","4":"has-post-thumbnail","6":"product_cat-dog_toy","7":"product_cat-plush-toy","9":"first","10":"instock","11":"shipping-taxable","12":"product-type-simple"},"_links":{"self":[{"href":"https:\/\/www.wonpet.com\/cs\/wp-json\/wp\/v2\/product\/5233","targetHints":{"allow":["GET"]}}],"collection":[{"href":"https:\/\/www.wonpet.com\/cs\/wp-json\/wp\/v2\/product"}],"about":[{"href":"https:\/\/www.wonpet.com\/cs\/wp-json\/wp\/v2\/types\/product"}],"wp:featuredmedia":[{"embeddable":true,"href":"https:\/\/www.wonpet.com\/cs\/wp-json\/wp\/v2\/media\/5235"}],"wp:attachment":[{"href":"https:\/\/www.wonpet.com\/cs\/wp-json\/wp\/v2\/media?parent=5233"}],"wp:term":[{"taxonomy":"product_brand","embeddable":true,"href":"https:\/\/www.wonpet.com\/cs\/wp-json\/wp\/v2\/product_brand?post=5233"},{"taxonomy":"product_cat","embeddable":true,"href":"https:\/\/www.wonpet.com\/cs\/wp-json\/wp\/v2\/product_cat?post=5233"},{"taxonomy":"product_tag","embeddable":true,"href":"https:\/\/www.wonpet.com\/cs\/wp-json\/wp\/v2\/product_tag?post=5233"}],"curies":[{"name":"wp","href":"https:\/\/api.w.org\/{rel}","templated":true}]}}