{"id":5177,"date":"2023-04-14T02:28:45","date_gmt":"2023-04-14T02:28:45","guid":{"rendered":"https:\/\/www.wonpet.com\/?post_type=product&#038;p=5177"},"modified":"2023-04-14T02:28:46","modified_gmt":"2023-04-14T02:28:46","slug":"plysovy-psi-hracky-s-lanem-9","status":"publish","type":"product","link":"https:\/\/www.wonpet.com\/cs\/produkt\/plysovy-psi-hracky-s-lanem-9\/","title":{"rendered":"Ply\u0161ov\u00e9 hra\u010dky pro psy s lanem"},"content":{"rendered":"","protected":false},"excerpt":{"rendered":"<p>\u010c\u00cdSLO POLO\u017dKY: PL2303018<br \/>\nVELIKOST: 12 cm\u2026 <a href=\"https:\/\/www.wonpet.com\/cs\/produkt\/plysovy-psi-hracky-s-lanem-9\/\" class=\"more-link\"><span class=\"more-button\">Kup nyn\u00ed<span class=\"screen-reader-text\">Ply\u0161ov\u00e9 hra\u010dky pro psy s lanem<\/span><\/span><\/a><\/p>","protected":false},"featured_media":5186,"template":"","meta":[],"product_brand":[],"product_cat":[18,51],"product_tag":[],"class_list":{"0":"post-5177","1":"product","2":"type-product","3":"status-publish","4":"has-post-thumbnail","6":"product_cat-dog_toy","7":"product_cat-plush-toy","9":"first","10":"instock","11":"shipping-taxable","12":"product-type-simple"},"_links":{"self":[{"href":"https:\/\/www.wonpet.com\/cs\/wp-json\/wp\/v2\/product\/5177","targetHints":{"allow":["GET"]}}],"collection":[{"href":"https:\/\/www.wonpet.com\/cs\/wp-json\/wp\/v2\/product"}],"about":[{"href":"https:\/\/www.wonpet.com\/cs\/wp-json\/wp\/v2\/types\/product"}],"wp:featuredmedia":[{"embeddable":true,"href":"https:\/\/www.wonpet.com\/cs\/wp-json\/wp\/v2\/media\/5186"}],"wp:attachment":[{"href":"https:\/\/www.wonpet.com\/cs\/wp-json\/wp\/v2\/media?parent=5177"}],"wp:term":[{"taxonomy":"product_brand","embeddable":true,"href":"https:\/\/www.wonpet.com\/cs\/wp-json\/wp\/v2\/product_brand?post=5177"},{"taxonomy":"product_cat","embeddable":true,"href":"https:\/\/www.wonpet.com\/cs\/wp-json\/wp\/v2\/product_cat?post=5177"},{"taxonomy":"product_tag","embeddable":true,"href":"https:\/\/www.wonpet.com\/cs\/wp-json\/wp\/v2\/product_tag?post=5177"}],"curies":[{"name":"wp","href":"https:\/\/api.w.org\/{rel}","templated":true}]}}