{"id":5081,"date":"2023-04-13T08:01:23","date_gmt":"2023-04-13T08:01:23","guid":{"rendered":"https:\/\/www.wonpet.com\/?post_type=product&#038;p=5081"},"modified":"2023-04-13T08:01:24","modified_gmt":"2023-04-13T08:01:24","slug":"plysove-psi-hracky-s-tpr-6","status":"publish","type":"product","link":"https:\/\/www.wonpet.com\/cs\/produkt\/plysove-psi-hracky-s-tpr-6\/","title":{"rendered":"Ply\u0161ov\u00e9 hra\u010dky pro psy s TPR"},"content":{"rendered":"","protected":false},"excerpt":{"rendered":"<p>\u010c\u00cdSLO POLO\u017dKY: PL2303007<br \/>\nVELIKOST: 22 cm\u2026 <a href=\"https:\/\/www.wonpet.com\/cs\/produkt\/plysove-psi-hracky-s-tpr-6\/\" class=\"more-link\"><span class=\"more-button\">Kup nyn\u00ed<span class=\"screen-reader-text\">Ply\u0161ov\u00e9 hra\u010dky pro psy s TPR<\/span><\/span><\/a><\/p>","protected":false},"featured_media":5083,"template":"","meta":[],"product_brand":[],"product_cat":[18,51,39],"product_tag":[],"class_list":{"0":"post-5081","1":"product","2":"type-product","3":"status-publish","4":"has-post-thumbnail","6":"product_cat-dog_toy","7":"product_cat-plush-toy","8":"product_cat-tpr-toy","10":"first","11":"instock","12":"shipping-taxable","13":"product-type-simple"},"_links":{"self":[{"href":"https:\/\/www.wonpet.com\/cs\/wp-json\/wp\/v2\/product\/5081","targetHints":{"allow":["GET"]}}],"collection":[{"href":"https:\/\/www.wonpet.com\/cs\/wp-json\/wp\/v2\/product"}],"about":[{"href":"https:\/\/www.wonpet.com\/cs\/wp-json\/wp\/v2\/types\/product"}],"wp:featuredmedia":[{"embeddable":true,"href":"https:\/\/www.wonpet.com\/cs\/wp-json\/wp\/v2\/media\/5083"}],"wp:attachment":[{"href":"https:\/\/www.wonpet.com\/cs\/wp-json\/wp\/v2\/media?parent=5081"}],"wp:term":[{"taxonomy":"product_brand","embeddable":true,"href":"https:\/\/www.wonpet.com\/cs\/wp-json\/wp\/v2\/product_brand?post=5081"},{"taxonomy":"product_cat","embeddable":true,"href":"https:\/\/www.wonpet.com\/cs\/wp-json\/wp\/v2\/product_cat?post=5081"},{"taxonomy":"product_tag","embeddable":true,"href":"https:\/\/www.wonpet.com\/cs\/wp-json\/wp\/v2\/product_tag?post=5081"}],"curies":[{"name":"wp","href":"https:\/\/api.w.org\/{rel}","templated":true}]}}