{"id":5033,"date":"2023-04-13T07:37:12","date_gmt":"2023-04-13T07:37:12","guid":{"rendered":"https:\/\/www.wonpet.com\/?post_type=product&#038;p=5033"},"modified":"2023-04-13T07:38:09","modified_gmt":"2023-04-13T07:38:09","slug":"kocici-hracky-%e5%a4%8d%e5%88%b6-2","status":"publish","type":"product","link":"https:\/\/www.wonpet.com\/cs\/produkt\/kocici-hracky-%e5%a4%8d%e5%88%b6-2\/","title":{"rendered":"Hra\u010dky pro ko\u010dky"},"content":{"rendered":"","protected":false},"excerpt":{"rendered":"<p>\u010c\u00cdSLO POLO\u017dKY: SET2303002<\/p>\n<p>VELIKOST: 3KS\/SET\u2026 <a href=\"https:\/\/www.wonpet.com\/cs\/produkt\/kocici-hracky-%e5%a4%8d%e5%88%b6-2\/\" class=\"more-link\"><span class=\"more-button\">Kup nyn\u00ed<span class=\"screen-reader-text\">Hra\u010dky pro ko\u010dky<\/span><\/span><\/a><\/p>","protected":false},"featured_media":5034,"template":"","meta":[],"product_brand":[],"product_cat":[44,19,45],"product_tag":[],"class_list":{"0":"post-5033","1":"product","2":"type-product","3":"status-publish","4":"has-post-thumbnail","6":"product_cat-cat-ball","7":"product_cat-cat_toy","8":"product_cat-mouse","10":"first","11":"instock","12":"shipping-taxable","13":"product-type-simple"},"_links":{"self":[{"href":"https:\/\/www.wonpet.com\/cs\/wp-json\/wp\/v2\/product\/5033","targetHints":{"allow":["GET"]}}],"collection":[{"href":"https:\/\/www.wonpet.com\/cs\/wp-json\/wp\/v2\/product"}],"about":[{"href":"https:\/\/www.wonpet.com\/cs\/wp-json\/wp\/v2\/types\/product"}],"wp:featuredmedia":[{"embeddable":true,"href":"https:\/\/www.wonpet.com\/cs\/wp-json\/wp\/v2\/media\/5034"}],"wp:attachment":[{"href":"https:\/\/www.wonpet.com\/cs\/wp-json\/wp\/v2\/media?parent=5033"}],"wp:term":[{"taxonomy":"product_brand","embeddable":true,"href":"https:\/\/www.wonpet.com\/cs\/wp-json\/wp\/v2\/product_brand?post=5033"},{"taxonomy":"product_cat","embeddable":true,"href":"https:\/\/www.wonpet.com\/cs\/wp-json\/wp\/v2\/product_cat?post=5033"},{"taxonomy":"product_tag","embeddable":true,"href":"https:\/\/www.wonpet.com\/cs\/wp-json\/wp\/v2\/product_tag?post=5033"}],"curies":[{"name":"wp","href":"https:\/\/api.w.org\/{rel}","templated":true}]}}