{"id":501,"date":"2019-11-06T01:57:14","date_gmt":"2019-11-06T01:57:14","guid":{"rendered":"https:\/\/www.wonpet.com\/?post_type=product&#038;p=501"},"modified":"2019-11-06T02:50:13","modified_gmt":"2019-11-06T02:50:13","slug":"pes-kartac-na-zuby-pse-pouzit-pes-cisteni-kartac","status":"publish","type":"product","link":"https:\/\/www.wonpet.com\/cs\/produkt\/pes-kartac-na-zuby-pse-pouzit-pes-cisteni-kartac\/","title":{"rendered":"Pes Kart\u00e1\u010d na zuby Pes Pou\u017e\u00edvejte kart\u00e1\u010dek na \u010di\u0161t\u011bn\u00ed psa"},"content":{"rendered":"","protected":false},"excerpt":{"rendered":"<p><strong>\u010c. POLO\u017dKY: 529-1<\/strong><\/p>\n<p><strong>VELIKOST: 50KS\/PVC TUBE<\/strong> \u2026 <a href=\"https:\/\/www.wonpet.com\/cs\/produkt\/pes-kartac-na-zuby-pse-pouzit-pes-cisteni-kartac\/\" class=\"more-link\"><span class=\"more-button\">Kup nyn\u00ed<span class=\"screen-reader-text\">Pes Kart\u00e1\u010d na zuby Pes Pou\u017e\u00edvejte kart\u00e1\u010dek na \u010di\u0161t\u011bn\u00ed psa<\/span><\/span><\/a><\/p>","protected":false},"featured_media":502,"template":"","meta":[],"product_brand":[],"product_cat":[60,59],"product_tag":[92,91],"class_list":{"0":"post-501","1":"product","2":"type-product","3":"status-publish","4":"has-post-thumbnail","6":"product_cat-grooming","7":"product_cat-pet-supplies","8":"product_tag-dog-cleaning","9":"product_tag-dog-teeth-brush","11":"first","12":"instock","13":"shipping-taxable","14":"product-type-simple"},"_links":{"self":[{"href":"https:\/\/www.wonpet.com\/cs\/wp-json\/wp\/v2\/product\/501","targetHints":{"allow":["GET"]}}],"collection":[{"href":"https:\/\/www.wonpet.com\/cs\/wp-json\/wp\/v2\/product"}],"about":[{"href":"https:\/\/www.wonpet.com\/cs\/wp-json\/wp\/v2\/types\/product"}],"wp:featuredmedia":[{"embeddable":true,"href":"https:\/\/www.wonpet.com\/cs\/wp-json\/wp\/v2\/media\/502"}],"wp:attachment":[{"href":"https:\/\/www.wonpet.com\/cs\/wp-json\/wp\/v2\/media?parent=501"}],"wp:term":[{"taxonomy":"product_brand","embeddable":true,"href":"https:\/\/www.wonpet.com\/cs\/wp-json\/wp\/v2\/product_brand?post=501"},{"taxonomy":"product_cat","embeddable":true,"href":"https:\/\/www.wonpet.com\/cs\/wp-json\/wp\/v2\/product_cat?post=501"},{"taxonomy":"product_tag","embeddable":true,"href":"https:\/\/www.wonpet.com\/cs\/wp-json\/wp\/v2\/product_tag?post=501"}],"curies":[{"name":"wp","href":"https:\/\/api.w.org\/{rel}","templated":true}]}}