{"id":4943,"date":"2023-04-13T05:54:16","date_gmt":"2023-04-13T05:54:16","guid":{"rendered":"https:\/\/www.wonpet.com\/?post_type=product&#038;p=4943"},"modified":"2023-04-13T05:54:17","modified_gmt":"2023-04-13T05:54:17","slug":"psi-potreba-tpr-gumy-hracky-psy-3","status":"publish","type":"product","link":"https:\/\/www.wonpet.com\/cs\/produkt\/psi-potreba-tpr-gumy-hracky-psy-3\/","title":{"rendered":"Pot\u0159eba pro psy TPR Gumov\u00e9 hra\u010dky pro psy"},"content":{"rendered":"","protected":false},"excerpt":{"rendered":"<p>\u010c\u00cdSLO POLO\u017dKY: TPR2303014<br \/>\nVELIKOST: 10*6*3,5cm \u2026 <a href=\"https:\/\/www.wonpet.com\/cs\/produkt\/psi-potreba-tpr-gumy-hracky-psy-3\/\" class=\"more-link\"><span class=\"more-button\">Kup nyn\u00ed<span class=\"screen-reader-text\">Pot\u0159eba pro psy TPR Gumov\u00e9 hra\u010dky pro psy<\/span><\/span><\/a><\/p>","protected":false},"featured_media":4947,"template":"","meta":[],"product_brand":[],"product_cat":[18,39],"product_tag":[],"class_list":{"0":"post-4943","1":"product","2":"type-product","3":"status-publish","4":"has-post-thumbnail","6":"product_cat-dog_toy","7":"product_cat-tpr-toy","9":"first","10":"instock","11":"shipping-taxable","12":"product-type-simple"},"_links":{"self":[{"href":"https:\/\/www.wonpet.com\/cs\/wp-json\/wp\/v2\/product\/4943","targetHints":{"allow":["GET"]}}],"collection":[{"href":"https:\/\/www.wonpet.com\/cs\/wp-json\/wp\/v2\/product"}],"about":[{"href":"https:\/\/www.wonpet.com\/cs\/wp-json\/wp\/v2\/types\/product"}],"wp:featuredmedia":[{"embeddable":true,"href":"https:\/\/www.wonpet.com\/cs\/wp-json\/wp\/v2\/media\/4947"}],"wp:attachment":[{"href":"https:\/\/www.wonpet.com\/cs\/wp-json\/wp\/v2\/media?parent=4943"}],"wp:term":[{"taxonomy":"product_brand","embeddable":true,"href":"https:\/\/www.wonpet.com\/cs\/wp-json\/wp\/v2\/product_brand?post=4943"},{"taxonomy":"product_cat","embeddable":true,"href":"https:\/\/www.wonpet.com\/cs\/wp-json\/wp\/v2\/product_cat?post=4943"},{"taxonomy":"product_tag","embeddable":true,"href":"https:\/\/www.wonpet.com\/cs\/wp-json\/wp\/v2\/product_tag?post=4943"}],"curies":[{"name":"wp","href":"https:\/\/api.w.org\/{rel}","templated":true}]}}