{"id":4940,"date":"2023-04-13T05:44:55","date_gmt":"2023-04-13T05:44:55","guid":{"rendered":"https:\/\/www.wonpet.com\/?post_type=product&#038;p=4940"},"modified":"2023-04-13T05:46:11","modified_gmt":"2023-04-13T05:46:11","slug":"pet-plastovy-kartac-psy-kartac-pro-pse-pouziti-16","status":"publish","type":"product","link":"https:\/\/www.wonpet.com\/cs\/produkt\/pet-plastovy-kartac-psy-kartac-pro-pse-pouziti-16\/","title":{"rendered":"Pet Plastic Brush Dog Grooming Brush pro pou\u017eit\u00ed u ps\u016f"},"content":{"rendered":"","protected":false},"excerpt":{"rendered":"<p>\u010c\u00cdSLO POLO\u017dKY: GR1027-M<\/p>\n<p>ROZM\u011aRY: 17*11,5cm \u2026 <a href=\"https:\/\/www.wonpet.com\/cs\/produkt\/pet-plastovy-kartac-psy-kartac-pro-pse-pouziti-16\/\" class=\"more-link\"><span class=\"more-button\">Kup nyn\u00ed<span class=\"screen-reader-text\">Pet Plastic Brush Dog Grooming Brush pro pou\u017eit\u00ed u ps\u016f<\/span><\/span><\/a><\/p>","protected":false},"featured_media":4925,"template":"","meta":[],"product_brand":[],"product_cat":[60,59],"product_tag":[],"class_list":{"0":"post-4940","1":"product","2":"type-product","3":"status-publish","4":"has-post-thumbnail","6":"product_cat-grooming","7":"product_cat-pet-supplies","9":"first","10":"instock","11":"shipping-taxable","12":"product-type-simple"},"_links":{"self":[{"href":"https:\/\/www.wonpet.com\/cs\/wp-json\/wp\/v2\/product\/4940","targetHints":{"allow":["GET"]}}],"collection":[{"href":"https:\/\/www.wonpet.com\/cs\/wp-json\/wp\/v2\/product"}],"about":[{"href":"https:\/\/www.wonpet.com\/cs\/wp-json\/wp\/v2\/types\/product"}],"wp:featuredmedia":[{"embeddable":true,"href":"https:\/\/www.wonpet.com\/cs\/wp-json\/wp\/v2\/media\/4925"}],"wp:attachment":[{"href":"https:\/\/www.wonpet.com\/cs\/wp-json\/wp\/v2\/media?parent=4940"}],"wp:term":[{"taxonomy":"product_brand","embeddable":true,"href":"https:\/\/www.wonpet.com\/cs\/wp-json\/wp\/v2\/product_brand?post=4940"},{"taxonomy":"product_cat","embeddable":true,"href":"https:\/\/www.wonpet.com\/cs\/wp-json\/wp\/v2\/product_cat?post=4940"},{"taxonomy":"product_tag","embeddable":true,"href":"https:\/\/www.wonpet.com\/cs\/wp-json\/wp\/v2\/product_tag?post=4940"}],"curies":[{"name":"wp","href":"https:\/\/api.w.org\/{rel}","templated":true}]}}