{"id":4874,"date":"2023-04-13T03:34:45","date_gmt":"2023-04-13T03:34:45","guid":{"rendered":"https:\/\/www.wonpet.com\/?post_type=product&#038;p=4874"},"modified":"2023-04-13T03:35:25","modified_gmt":"2023-04-13T03:35:25","slug":"kocici-hracky-72","status":"publish","type":"product","link":"https:\/\/www.wonpet.com\/cs\/produkt\/kocici-hracky-72\/","title":{"rendered":"Hra\u010dky pro ko\u010dky"},"content":{"rendered":"","protected":false},"excerpt":{"rendered":"<p>\u010c. POLO\u017dKY: CT2304091<\/p>\n<p>VELIKOST: 30 cm\u2026 <a href=\"https:\/\/www.wonpet.com\/cs\/produkt\/kocici-hracky-72\/\" class=\"more-link\"><span class=\"more-button\">Kup nyn\u00ed<span class=\"screen-reader-text\">Hra\u010dky pro ko\u010dky<\/span><\/span><\/a><\/p>","protected":false},"featured_media":4875,"template":"","meta":[],"product_brand":[],"product_cat":[19],"product_tag":[],"class_list":{"0":"post-4874","1":"product","2":"type-product","3":"status-publish","4":"has-post-thumbnail","6":"product_cat-cat_toy","8":"first","9":"instock","10":"shipping-taxable","11":"product-type-simple"},"_links":{"self":[{"href":"https:\/\/www.wonpet.com\/cs\/wp-json\/wp\/v2\/product\/4874","targetHints":{"allow":["GET"]}}],"collection":[{"href":"https:\/\/www.wonpet.com\/cs\/wp-json\/wp\/v2\/product"}],"about":[{"href":"https:\/\/www.wonpet.com\/cs\/wp-json\/wp\/v2\/types\/product"}],"wp:featuredmedia":[{"embeddable":true,"href":"https:\/\/www.wonpet.com\/cs\/wp-json\/wp\/v2\/media\/4875"}],"wp:attachment":[{"href":"https:\/\/www.wonpet.com\/cs\/wp-json\/wp\/v2\/media?parent=4874"}],"wp:term":[{"taxonomy":"product_brand","embeddable":true,"href":"https:\/\/www.wonpet.com\/cs\/wp-json\/wp\/v2\/product_brand?post=4874"},{"taxonomy":"product_cat","embeddable":true,"href":"https:\/\/www.wonpet.com\/cs\/wp-json\/wp\/v2\/product_cat?post=4874"},{"taxonomy":"product_tag","embeddable":true,"href":"https:\/\/www.wonpet.com\/cs\/wp-json\/wp\/v2\/product_tag?post=4874"}],"curies":[{"name":"wp","href":"https:\/\/api.w.org\/{rel}","templated":true}]}}