{"id":487,"date":"2019-11-05T08:20:59","date_gmt":"2019-11-05T08:20:59","guid":{"rendered":"https:\/\/www.wonpet.com\/?post_type=product&#038;p=487"},"modified":"2019-11-05T08:20:59","modified_gmt":"2019-11-05T08:20:59","slug":"psi-hracka-svacina-mic-gumova-hracka-4","status":"publish","type":"product","link":"https:\/\/www.wonpet.com\/cs\/produkt\/psi-hracka-svacina-mic-gumova-hracka-4\/","title":{"rendered":"Dog Toy Snack Ball Rubber Toy"},"content":{"rendered":"","protected":false},"excerpt":{"rendered":"<p><strong>\u010c\u00cdSLO POLO\u017dKY: RT259<\/strong><\/p>\n<p><strong>VELIKOST: 8,5CM<\/strong> \u2026 <a href=\"https:\/\/www.wonpet.com\/cs\/produkt\/psi-hracka-svacina-mic-gumova-hracka-4\/\" class=\"more-link\"><span class=\"more-button\">Kup nyn\u00ed<span class=\"screen-reader-text\">Dog Toy Snack Ball Rubber Toy<\/span><\/span><\/a><\/p>","protected":false},"featured_media":488,"template":"","meta":[],"product_brand":[],"product_cat":[18,38],"product_tag":[86,54],"class_list":{"0":"post-487","1":"product","2":"type-product","3":"status-publish","4":"has-post-thumbnail","6":"product_cat-dog_toy","7":"product_cat-rubber-toy","8":"product_tag-dog-snack-ball","9":"product_tag-snack-toy","11":"first","12":"instock","13":"shipping-taxable","14":"product-type-simple"},"_links":{"self":[{"href":"https:\/\/www.wonpet.com\/cs\/wp-json\/wp\/v2\/product\/487","targetHints":{"allow":["GET"]}}],"collection":[{"href":"https:\/\/www.wonpet.com\/cs\/wp-json\/wp\/v2\/product"}],"about":[{"href":"https:\/\/www.wonpet.com\/cs\/wp-json\/wp\/v2\/types\/product"}],"wp:featuredmedia":[{"embeddable":true,"href":"https:\/\/www.wonpet.com\/cs\/wp-json\/wp\/v2\/media\/488"}],"wp:attachment":[{"href":"https:\/\/www.wonpet.com\/cs\/wp-json\/wp\/v2\/media?parent=487"}],"wp:term":[{"taxonomy":"product_brand","embeddable":true,"href":"https:\/\/www.wonpet.com\/cs\/wp-json\/wp\/v2\/product_brand?post=487"},{"taxonomy":"product_cat","embeddable":true,"href":"https:\/\/www.wonpet.com\/cs\/wp-json\/wp\/v2\/product_cat?post=487"},{"taxonomy":"product_tag","embeddable":true,"href":"https:\/\/www.wonpet.com\/cs\/wp-json\/wp\/v2\/product_tag?post=487"}],"curies":[{"name":"wp","href":"https:\/\/api.w.org\/{rel}","templated":true}]}}