{"id":4869,"date":"2023-04-13T03:32:38","date_gmt":"2023-04-13T03:32:38","guid":{"rendered":"https:\/\/www.wonpet.com\/?post_type=product&#038;p=4869"},"modified":"2023-04-13T03:33:38","modified_gmt":"2023-04-13T03:33:38","slug":"kocici-hracky-70","status":"publish","type":"product","link":"https:\/\/www.wonpet.com\/cs\/produkt\/kocici-hracky-70\/","title":{"rendered":"Hra\u010dky pro ko\u010dky"},"content":{"rendered":"","protected":false},"excerpt":{"rendered":"<p>\u010c. POLO\u017dKY: CT2304089<\/p>\n<p>VELIKOST: 23 cm\u2026 <a href=\"https:\/\/www.wonpet.com\/cs\/produkt\/kocici-hracky-70\/\" class=\"more-link\"><span class=\"more-button\">Kup nyn\u00ed<span class=\"screen-reader-text\">Hra\u010dky pro ko\u010dky<\/span><\/span><\/a><\/p>","protected":false},"featured_media":4870,"template":"","meta":[],"product_brand":[],"product_cat":[19],"product_tag":[],"class_list":{"0":"post-4869","1":"product","2":"type-product","3":"status-publish","4":"has-post-thumbnail","6":"product_cat-cat_toy","8":"first","9":"instock","10":"shipping-taxable","11":"product-type-simple"},"_links":{"self":[{"href":"https:\/\/www.wonpet.com\/cs\/wp-json\/wp\/v2\/product\/4869","targetHints":{"allow":["GET"]}}],"collection":[{"href":"https:\/\/www.wonpet.com\/cs\/wp-json\/wp\/v2\/product"}],"about":[{"href":"https:\/\/www.wonpet.com\/cs\/wp-json\/wp\/v2\/types\/product"}],"wp:featuredmedia":[{"embeddable":true,"href":"https:\/\/www.wonpet.com\/cs\/wp-json\/wp\/v2\/media\/4870"}],"wp:attachment":[{"href":"https:\/\/www.wonpet.com\/cs\/wp-json\/wp\/v2\/media?parent=4869"}],"wp:term":[{"taxonomy":"product_brand","embeddable":true,"href":"https:\/\/www.wonpet.com\/cs\/wp-json\/wp\/v2\/product_brand?post=4869"},{"taxonomy":"product_cat","embeddable":true,"href":"https:\/\/www.wonpet.com\/cs\/wp-json\/wp\/v2\/product_cat?post=4869"},{"taxonomy":"product_tag","embeddable":true,"href":"https:\/\/www.wonpet.com\/cs\/wp-json\/wp\/v2\/product_tag?post=4869"}],"curies":[{"name":"wp","href":"https:\/\/api.w.org\/{rel}","templated":true}]}}