{"id":4866,"date":"2023-04-13T03:32:02","date_gmt":"2023-04-13T03:32:02","guid":{"rendered":"https:\/\/www.wonpet.com\/?post_type=product&#038;p=4866"},"modified":"2023-04-13T03:54:18","modified_gmt":"2023-04-13T03:54:18","slug":"lanove-hracky-2","status":"publish","type":"product","link":"https:\/\/www.wonpet.com\/cs\/produkt\/lanove-hracky-2\/","title":{"rendered":"Pot\u0159eba pro psy TPR Gumov\u00e9 hra\u010dky pro psy"},"content":{"rendered":"","protected":false},"excerpt":{"rendered":"<p>\u010c. POLO\u017dKY: TPR2303010<br \/>\nVELIKOST: 19*8,5*7CM \u2026 <a href=\"https:\/\/www.wonpet.com\/cs\/produkt\/lanove-hracky-2\/\" class=\"more-link\"><span class=\"more-button\">Kup nyn\u00ed<span class=\"screen-reader-text\">Pot\u0159eba pro psy TPR Gumov\u00e9 hra\u010dky pro psy<\/span><\/span><\/a><\/p>","protected":false},"featured_media":4868,"template":"","meta":[],"product_brand":[],"product_cat":[18,39],"product_tag":[],"class_list":{"0":"post-4866","1":"product","2":"type-product","3":"status-publish","4":"has-post-thumbnail","6":"product_cat-dog_toy","7":"product_cat-tpr-toy","9":"first","10":"instock","11":"shipping-taxable","12":"product-type-simple"},"_links":{"self":[{"href":"https:\/\/www.wonpet.com\/cs\/wp-json\/wp\/v2\/product\/4866","targetHints":{"allow":["GET"]}}],"collection":[{"href":"https:\/\/www.wonpet.com\/cs\/wp-json\/wp\/v2\/product"}],"about":[{"href":"https:\/\/www.wonpet.com\/cs\/wp-json\/wp\/v2\/types\/product"}],"wp:featuredmedia":[{"embeddable":true,"href":"https:\/\/www.wonpet.com\/cs\/wp-json\/wp\/v2\/media\/4868"}],"wp:attachment":[{"href":"https:\/\/www.wonpet.com\/cs\/wp-json\/wp\/v2\/media?parent=4866"}],"wp:term":[{"taxonomy":"product_brand","embeddable":true,"href":"https:\/\/www.wonpet.com\/cs\/wp-json\/wp\/v2\/product_brand?post=4866"},{"taxonomy":"product_cat","embeddable":true,"href":"https:\/\/www.wonpet.com\/cs\/wp-json\/wp\/v2\/product_cat?post=4866"},{"taxonomy":"product_tag","embeddable":true,"href":"https:\/\/www.wonpet.com\/cs\/wp-json\/wp\/v2\/product_tag?post=4866"}],"curies":[{"name":"wp","href":"https:\/\/api.w.org\/{rel}","templated":true}]}}