{"id":4802,"date":"2023-04-13T02:12:55","date_gmt":"2023-04-13T02:12:55","guid":{"rendered":"https:\/\/www.wonpet.com\/?post_type=product&#038;p=4802"},"modified":"2023-04-13T02:16:14","modified_gmt":"2023-04-13T02:16:14","slug":"hracky-pro-kocky-%e5%a4%8d%e5%88%b6","status":"publish","type":"product","link":"https:\/\/www.wonpet.com\/cs\/produkt\/hracky-pro-kocky-%e5%a4%8d%e5%88%b6\/","title":{"rendered":"Hra\u010dky pro ko\u010dky"},"content":{"rendered":"","protected":false},"excerpt":{"rendered":"<p>\u010c. POLO\u017dKY: CT2304056<\/p>\n<p>VELIKOST: 5,5 cm\u2026 <a href=\"https:\/\/www.wonpet.com\/cs\/produkt\/hracky-pro-kocky-%e5%a4%8d%e5%88%b6\/\" class=\"more-link\"><span class=\"more-button\">Kup nyn\u00ed<span class=\"screen-reader-text\">Hra\u010dky pro ko\u010dky<\/span><\/span><\/a><\/p>","protected":false},"featured_media":4803,"template":"","meta":[],"product_brand":[],"product_cat":[19,45],"product_tag":[],"class_list":{"0":"post-4802","1":"product","2":"type-product","3":"status-publish","4":"has-post-thumbnail","6":"product_cat-cat_toy","7":"product_cat-mouse","9":"first","10":"instock","11":"shipping-taxable","12":"product-type-simple"},"_links":{"self":[{"href":"https:\/\/www.wonpet.com\/cs\/wp-json\/wp\/v2\/product\/4802","targetHints":{"allow":["GET"]}}],"collection":[{"href":"https:\/\/www.wonpet.com\/cs\/wp-json\/wp\/v2\/product"}],"about":[{"href":"https:\/\/www.wonpet.com\/cs\/wp-json\/wp\/v2\/types\/product"}],"wp:featuredmedia":[{"embeddable":true,"href":"https:\/\/www.wonpet.com\/cs\/wp-json\/wp\/v2\/media\/4803"}],"wp:attachment":[{"href":"https:\/\/www.wonpet.com\/cs\/wp-json\/wp\/v2\/media?parent=4802"}],"wp:term":[{"taxonomy":"product_brand","embeddable":true,"href":"https:\/\/www.wonpet.com\/cs\/wp-json\/wp\/v2\/product_brand?post=4802"},{"taxonomy":"product_cat","embeddable":true,"href":"https:\/\/www.wonpet.com\/cs\/wp-json\/wp\/v2\/product_cat?post=4802"},{"taxonomy":"product_tag","embeddable":true,"href":"https:\/\/www.wonpet.com\/cs\/wp-json\/wp\/v2\/product_tag?post=4802"}],"curies":[{"name":"wp","href":"https:\/\/api.w.org\/{rel}","templated":true}]}}