{"id":476,"date":"2019-11-05T07:36:13","date_gmt":"2019-11-05T07:36:13","guid":{"rendered":"https:\/\/www.wonpet.com\/?post_type=product&#038;p=476"},"modified":"2019-11-05T07:36:13","modified_gmt":"2019-11-05T07:36:13","slug":"stredni-hracky-psi-latex-guma-vajicko-mackani-piskaci-hracka","status":"publish","type":"product","link":"https:\/\/www.wonpet.com\/cs\/produkt\/stredni-hracky-psi-latex-guma-vajicko-mackani-piskaci-hracka\/","title":{"rendered":"St\u0159edn\u00ed ps\u00ed hra\u010dky Latexov\u00e1 gumov\u00e1 vejce Squeeze Squeaky Toy"},"content":{"rendered":"","protected":false},"excerpt":{"rendered":"<p><strong>\u010c\u00cdSLO POLO\u017dKY: LT19031<\/strong><\/p>\n<p><strong>VELIKOST: 10,5CM<\/strong> \u2026 <a href=\"https:\/\/www.wonpet.com\/cs\/produkt\/stredni-hracky-psi-latex-guma-vajicko-mackani-piskaci-hracka\/\" class=\"more-link\"><span class=\"more-button\">Kup nyn\u00ed<span class=\"screen-reader-text\">St\u0159edn\u00ed ps\u00ed hra\u010dky Latexov\u00e1 gumov\u00e1 vejce Squeeze Squeaky Toy<\/span><\/span><\/a><\/p>","protected":false},"featured_media":477,"template":"","meta":[],"product_brand":[],"product_cat":[18,20],"product_tag":[82,80],"class_list":{"0":"post-476","1":"product","2":"type-product","3":"status-publish","4":"has-post-thumbnail","6":"product_cat-dog_toy","7":"product_cat-latex_dog_toys","8":"product_tag-christmas","9":"product_tag-christmas-dog-toy","11":"first","12":"instock","13":"shipping-taxable","14":"product-type-simple"},"_links":{"self":[{"href":"https:\/\/www.wonpet.com\/cs\/wp-json\/wp\/v2\/product\/476","targetHints":{"allow":["GET"]}}],"collection":[{"href":"https:\/\/www.wonpet.com\/cs\/wp-json\/wp\/v2\/product"}],"about":[{"href":"https:\/\/www.wonpet.com\/cs\/wp-json\/wp\/v2\/types\/product"}],"wp:featuredmedia":[{"embeddable":true,"href":"https:\/\/www.wonpet.com\/cs\/wp-json\/wp\/v2\/media\/477"}],"wp:attachment":[{"href":"https:\/\/www.wonpet.com\/cs\/wp-json\/wp\/v2\/media?parent=476"}],"wp:term":[{"taxonomy":"product_brand","embeddable":true,"href":"https:\/\/www.wonpet.com\/cs\/wp-json\/wp\/v2\/product_brand?post=476"},{"taxonomy":"product_cat","embeddable":true,"href":"https:\/\/www.wonpet.com\/cs\/wp-json\/wp\/v2\/product_cat?post=476"},{"taxonomy":"product_tag","embeddable":true,"href":"https:\/\/www.wonpet.com\/cs\/wp-json\/wp\/v2\/product_tag?post=476"}],"curies":[{"name":"wp","href":"https:\/\/api.w.org\/{rel}","templated":true}]}}