{"id":4696,"date":"2023-04-12T08:37:10","date_gmt":"2023-04-12T08:37:10","guid":{"rendered":"https:\/\/www.wonpet.com\/?post_type=product&#038;p=4696"},"modified":"2026-04-17T06:31:03","modified_gmt":"2026-04-17T06:31:03","slug":"kocici-hracky-mic-se-zvoncem-bavlnenym-barevnym-kulickam-8","status":"publish","type":"product","link":"https:\/\/www.wonpet.com\/cs\/produkt\/kocici-hracky-mic-se-zvoncem-bavlnenym-barevnym-kulickam-8\/","title":{"rendered":"Ko\u010di\u010d\u00ed hra\u010dky m\u00ed\u010d s barevn\u00fdmi kuli\u010dkami Bell Cotton"},"content":{"rendered":"","protected":false},"excerpt":{"rendered":"<p>\u010c. POLO\u017dKY: CT2304021<\/p>\n<p>VELIKOST: 3 cm\u2026 <a href=\"https:\/\/www.wonpet.com\/cs\/produkt\/kocici-hracky-mic-se-zvoncem-bavlnenym-barevnym-kulickam-8\/\" class=\"more-link\"><span class=\"more-button\">Kup nyn\u00ed<span class=\"screen-reader-text\">Ko\u010di\u010d\u00ed hra\u010dky m\u00ed\u010d s barevn\u00fdmi kuli\u010dkami Bell Cotton<\/span><\/span><\/a><\/p>","protected":false},"featured_media":4699,"template":"","meta":[],"product_brand":[],"product_cat":[44,19],"product_tag":[],"class_list":{"0":"post-4696","1":"product","2":"type-product","3":"status-publish","4":"has-post-thumbnail","6":"product_cat-cat-ball","7":"product_cat-cat_toy","9":"first","10":"instock","11":"shipping-taxable","12":"product-type-simple"},"_links":{"self":[{"href":"https:\/\/www.wonpet.com\/cs\/wp-json\/wp\/v2\/product\/4696","targetHints":{"allow":["GET"]}}],"collection":[{"href":"https:\/\/www.wonpet.com\/cs\/wp-json\/wp\/v2\/product"}],"about":[{"href":"https:\/\/www.wonpet.com\/cs\/wp-json\/wp\/v2\/types\/product"}],"wp:featuredmedia":[{"embeddable":true,"href":"https:\/\/www.wonpet.com\/cs\/wp-json\/wp\/v2\/media\/4699"}],"wp:attachment":[{"href":"https:\/\/www.wonpet.com\/cs\/wp-json\/wp\/v2\/media?parent=4696"}],"wp:term":[{"taxonomy":"product_brand","embeddable":true,"href":"https:\/\/www.wonpet.com\/cs\/wp-json\/wp\/v2\/product_brand?post=4696"},{"taxonomy":"product_cat","embeddable":true,"href":"https:\/\/www.wonpet.com\/cs\/wp-json\/wp\/v2\/product_cat?post=4696"},{"taxonomy":"product_tag","embeddable":true,"href":"https:\/\/www.wonpet.com\/cs\/wp-json\/wp\/v2\/product_tag?post=4696"}],"curies":[{"name":"wp","href":"https:\/\/api.w.org\/{rel}","templated":true}]}}