{"id":456,"date":"2019-11-05T06:55:19","date_gmt":"2019-11-05T06:55:19","guid":{"rendered":"https:\/\/www.wonpet.com\/?post_type=product&#038;p=456"},"modified":"2019-11-05T06:55:19","modified_gmt":"2019-11-05T06:55:19","slug":"vanocni-snehulak-latex-hracka-psa-v-ruznych-barvach","status":"publish","type":"product","link":"https:\/\/www.wonpet.com\/cs\/produkt\/vanocni-snehulak-latex-hracka-psa-v-ruznych-barvach\/","title":{"rendered":"V\u00e1no\u010dn\u00ed sn\u011bhul\u00e1k Latexov\u00e1 ps\u00ed hra\u010dka v r\u016fzn\u00fdch barv\u00e1ch"},"content":{"rendered":"","protected":false},"excerpt":{"rendered":"<p><strong>\u010c\u00cdSLO POLO\u017dKY: LT12013<\/strong><\/p>\n<p><strong>VELIKOST: 8CM<\/strong> \u2026 <a href=\"https:\/\/www.wonpet.com\/cs\/produkt\/vanocni-snehulak-latex-hracka-psa-v-ruznych-barvach\/\" class=\"more-link\"><span class=\"more-button\">Kup nyn\u00ed<span class=\"screen-reader-text\">V\u00e1no\u010dn\u00ed sn\u011bhul\u00e1k Latexov\u00e1 ps\u00ed hra\u010dka v r\u016fzn\u00fdch barv\u00e1ch<\/span><\/span><\/a><\/p>","protected":false},"featured_media":457,"template":"","meta":[],"product_brand":[],"product_cat":[18,20],"product_tag":[82,80],"class_list":{"0":"post-456","1":"product","2":"type-product","3":"status-publish","4":"has-post-thumbnail","6":"product_cat-dog_toy","7":"product_cat-latex_dog_toys","8":"product_tag-christmas","9":"product_tag-christmas-dog-toy","11":"first","12":"instock","13":"shipping-taxable","14":"product-type-simple"},"_links":{"self":[{"href":"https:\/\/www.wonpet.com\/cs\/wp-json\/wp\/v2\/product\/456","targetHints":{"allow":["GET"]}}],"collection":[{"href":"https:\/\/www.wonpet.com\/cs\/wp-json\/wp\/v2\/product"}],"about":[{"href":"https:\/\/www.wonpet.com\/cs\/wp-json\/wp\/v2\/types\/product"}],"wp:featuredmedia":[{"embeddable":true,"href":"https:\/\/www.wonpet.com\/cs\/wp-json\/wp\/v2\/media\/457"}],"wp:attachment":[{"href":"https:\/\/www.wonpet.com\/cs\/wp-json\/wp\/v2\/media?parent=456"}],"wp:term":[{"taxonomy":"product_brand","embeddable":true,"href":"https:\/\/www.wonpet.com\/cs\/wp-json\/wp\/v2\/product_brand?post=456"},{"taxonomy":"product_cat","embeddable":true,"href":"https:\/\/www.wonpet.com\/cs\/wp-json\/wp\/v2\/product_cat?post=456"},{"taxonomy":"product_tag","embeddable":true,"href":"https:\/\/www.wonpet.com\/cs\/wp-json\/wp\/v2\/product_tag?post=456"}],"curies":[{"name":"wp","href":"https:\/\/api.w.org\/{rel}","templated":true}]}}