{"id":4491,"date":"2022-04-07T07:03:48","date_gmt":"2022-04-07T07:03:48","guid":{"rendered":"https:\/\/www.wonpet.com\/?post_type=product&#038;p=4491"},"modified":"2022-04-07T07:04:23","modified_gmt":"2022-04-07T07:04:23","slug":"mekka-kocici-hracka-kocka-ryba-vycpana-bavlnena-leskla-hracka-2","status":"publish","type":"product","link":"https:\/\/www.wonpet.com\/cs\/produkt\/mekka-kocici-hracka-kocka-ryba-vycpana-bavlnena-leskla-hracka-2\/","title":{"rendered":"M\u011bkk\u00e9 ko\u010di\u010d\u00ed hra\u010dky pro ko\u010dky Ryby pln\u011bn\u00e9 bavln\u011bnou lesklou hra\u010dkou"},"content":{"rendered":"","protected":false},"excerpt":{"rendered":"<p>\u010c\u00cdSLO POLO\u017dKY: CT21035<\/p>\n<p>VELIKOST: 11,5 cm\u2026 <a href=\"https:\/\/www.wonpet.com\/cs\/produkt\/mekka-kocici-hracka-kocka-ryba-vycpana-bavlnena-leskla-hracka-2\/\" class=\"more-link\"><span class=\"more-button\">Kup nyn\u00ed<span class=\"screen-reader-text\">M\u011bkk\u00e9 ko\u010di\u010d\u00ed hra\u010dky pro ko\u010dky Ryby pln\u011bn\u00e9 bavln\u011bnou lesklou hra\u010dkou<\/span><\/span><\/a><\/p>","protected":false},"featured_media":4492,"template":"","meta":[],"product_brand":[],"product_cat":[46,19],"product_tag":[41,137],"class_list":{"0":"post-4491","1":"product","2":"type-product","3":"status-publish","4":"has-post-thumbnail","6":"product_cat-animals-others","7":"product_cat-cat_toy","8":"product_tag-cat-toys","9":"product_tag-catnip-toy","11":"first","12":"instock","13":"shipping-taxable","14":"product-type-simple"},"_links":{"self":[{"href":"https:\/\/www.wonpet.com\/cs\/wp-json\/wp\/v2\/product\/4491","targetHints":{"allow":["GET"]}}],"collection":[{"href":"https:\/\/www.wonpet.com\/cs\/wp-json\/wp\/v2\/product"}],"about":[{"href":"https:\/\/www.wonpet.com\/cs\/wp-json\/wp\/v2\/types\/product"}],"wp:featuredmedia":[{"embeddable":true,"href":"https:\/\/www.wonpet.com\/cs\/wp-json\/wp\/v2\/media\/4492"}],"wp:attachment":[{"href":"https:\/\/www.wonpet.com\/cs\/wp-json\/wp\/v2\/media?parent=4491"}],"wp:term":[{"taxonomy":"product_brand","embeddable":true,"href":"https:\/\/www.wonpet.com\/cs\/wp-json\/wp\/v2\/product_brand?post=4491"},{"taxonomy":"product_cat","embeddable":true,"href":"https:\/\/www.wonpet.com\/cs\/wp-json\/wp\/v2\/product_cat?post=4491"},{"taxonomy":"product_tag","embeddable":true,"href":"https:\/\/www.wonpet.com\/cs\/wp-json\/wp\/v2\/product_tag?post=4491"}],"curies":[{"name":"wp","href":"https:\/\/api.w.org\/{rel}","templated":true}]}}