{"id":4468,"date":"2022-04-07T06:01:13","date_gmt":"2022-04-07T06:01:13","guid":{"rendered":"https:\/\/www.wonpet.com\/?post_type=product&#038;p=4468"},"modified":"2022-04-07T06:02:09","modified_gmt":"2022-04-07T06:02:09","slug":"kocici-zasoba-hracka-kocka-ovoce-4","status":"publish","type":"product","link":"https:\/\/www.wonpet.com\/cs\/produkt\/kocici-zasoba-hracka-kocka-ovoce-4\/","title":{"rendered":"Cat Supply Cat Toy Ovocn\u00e1 hra\u010dka"},"content":{"rendered":"","protected":false},"excerpt":{"rendered":"<p>\u010c\u00cdSLO POLO\u017dKY: CT21022<\/p>\n<p>VELIKOST: 6cm \/ 14cm\u2026 <a href=\"https:\/\/www.wonpet.com\/cs\/produkt\/kocici-zasoba-hracka-kocka-ovoce-4\/\" class=\"more-link\"><span class=\"more-button\">Kup nyn\u00ed<span class=\"screen-reader-text\">Cat Supply Cat Toy Ovocn\u00e1 hra\u010dka<\/span><\/span><\/a><\/p>","protected":false},"featured_media":4469,"template":"","meta":[],"product_brand":[],"product_cat":[46,19],"product_tag":[125,137],"class_list":{"0":"post-4468","1":"product","2":"type-product","3":"status-publish","4":"has-post-thumbnail","6":"product_cat-animals-others","7":"product_cat-cat_toy","8":"product_tag-cat-supply","9":"product_tag-catnip-toy","11":"first","12":"instock","13":"shipping-taxable","14":"product-type-simple"},"_links":{"self":[{"href":"https:\/\/www.wonpet.com\/cs\/wp-json\/wp\/v2\/product\/4468","targetHints":{"allow":["GET"]}}],"collection":[{"href":"https:\/\/www.wonpet.com\/cs\/wp-json\/wp\/v2\/product"}],"about":[{"href":"https:\/\/www.wonpet.com\/cs\/wp-json\/wp\/v2\/types\/product"}],"wp:featuredmedia":[{"embeddable":true,"href":"https:\/\/www.wonpet.com\/cs\/wp-json\/wp\/v2\/media\/4469"}],"wp:attachment":[{"href":"https:\/\/www.wonpet.com\/cs\/wp-json\/wp\/v2\/media?parent=4468"}],"wp:term":[{"taxonomy":"product_brand","embeddable":true,"href":"https:\/\/www.wonpet.com\/cs\/wp-json\/wp\/v2\/product_brand?post=4468"},{"taxonomy":"product_cat","embeddable":true,"href":"https:\/\/www.wonpet.com\/cs\/wp-json\/wp\/v2\/product_cat?post=4468"},{"taxonomy":"product_tag","embeddable":true,"href":"https:\/\/www.wonpet.com\/cs\/wp-json\/wp\/v2\/product_tag?post=4468"}],"curies":[{"name":"wp","href":"https:\/\/api.w.org\/{rel}","templated":true}]}}