{"id":4434,"date":"2022-04-07T05:34:26","date_gmt":"2022-04-07T05:34:26","guid":{"rendered":"https:\/\/www.wonpet.com\/?post_type=product&#038;p=4434"},"modified":"2022-04-07T05:38:09","modified_gmt":"2022-04-07T05:38:09","slug":"kocici-potreby-kocici-hracka-ratanovy-koule-se-zvonkem-a-stuzkou","status":"publish","type":"product","link":"https:\/\/www.wonpet.com\/cs\/produkt\/kocici-potreby-kocici-hracka-ratanovy-koule-se-zvonkem-a-stuzkou\/","title":{"rendered":"Ko\u010di\u010d\u00ed pot\u0159eby Ko\u010di\u010d\u00ed hra\u010dka Ratanov\u00fd m\u00ed\u010dek se zvonkem a stuhou"},"content":{"rendered":"","protected":false},"excerpt":{"rendered":"<p>\u010c. POLO\u017dKY: CT21006<\/p>\n<p>VELIKOST: 4,5+15cm\u2026 <a href=\"https:\/\/www.wonpet.com\/cs\/produkt\/kocici-potreby-kocici-hracka-ratanovy-koule-se-zvonkem-a-stuzkou\/\" class=\"more-link\"><span class=\"more-button\">Kup nyn\u00ed<span class=\"screen-reader-text\">Ko\u010di\u010d\u00ed pot\u0159eby Ko\u010di\u010d\u00ed hra\u010dka Ratanov\u00fd m\u00ed\u010dek se zvonkem a stuhou<\/span><\/span><\/a><\/p>","protected":false},"featured_media":4435,"template":"","meta":[],"product_brand":[],"product_cat":[44,19],"product_tag":[126,41],"class_list":{"0":"post-4434","1":"product","2":"type-product","3":"status-publish","4":"has-post-thumbnail","6":"product_cat-cat-ball","7":"product_cat-cat_toy","8":"product_tag-cat-ball-toys","9":"product_tag-cat-toys","11":"first","12":"instock","13":"shipping-taxable","14":"product-type-simple"},"_links":{"self":[{"href":"https:\/\/www.wonpet.com\/cs\/wp-json\/wp\/v2\/product\/4434","targetHints":{"allow":["GET"]}}],"collection":[{"href":"https:\/\/www.wonpet.com\/cs\/wp-json\/wp\/v2\/product"}],"about":[{"href":"https:\/\/www.wonpet.com\/cs\/wp-json\/wp\/v2\/types\/product"}],"wp:featuredmedia":[{"embeddable":true,"href":"https:\/\/www.wonpet.com\/cs\/wp-json\/wp\/v2\/media\/4435"}],"wp:attachment":[{"href":"https:\/\/www.wonpet.com\/cs\/wp-json\/wp\/v2\/media?parent=4434"}],"wp:term":[{"taxonomy":"product_brand","embeddable":true,"href":"https:\/\/www.wonpet.com\/cs\/wp-json\/wp\/v2\/product_brand?post=4434"},{"taxonomy":"product_cat","embeddable":true,"href":"https:\/\/www.wonpet.com\/cs\/wp-json\/wp\/v2\/product_cat?post=4434"},{"taxonomy":"product_tag","embeddable":true,"href":"https:\/\/www.wonpet.com\/cs\/wp-json\/wp\/v2\/product_tag?post=4434"}],"curies":[{"name":"wp","href":"https:\/\/api.w.org\/{rel}","templated":true}]}}