{"id":4420,"date":"2022-04-07T05:24:36","date_gmt":"2022-04-07T05:24:36","guid":{"rendered":"https:\/\/www.wonpet.com\/?post_type=product&#038;p=4420"},"modified":"2022-04-07T05:25:16","modified_gmt":"2022-04-07T05:25:16","slug":"kocici-zasoba-hracka-kocka-zviratka-hracka-mysi-2","status":"publish","type":"product","link":"https:\/\/www.wonpet.com\/cs\/produkt\/kocici-zasoba-hracka-kocka-zviratka-hracka-mysi-2\/","title":{"rendered":"Pot\u0159eba pro ko\u010dky Hra\u010dka pro ko\u010dky Hra\u010dka pro zv\u00ed\u0159ata My\u0161"},"content":{"rendered":"","protected":false},"excerpt":{"rendered":"<p>\u010c. POLO\u017dKY: CT20016<\/p>\n<p>ROZM\u011aRY: 5 cm\u2026 <a href=\"https:\/\/www.wonpet.com\/cs\/produkt\/kocici-zasoba-hracka-kocka-zviratka-hracka-mysi-2\/\" class=\"more-link\"><span class=\"more-button\">Kup nyn\u00ed<span class=\"screen-reader-text\">Pot\u0159eba pro ko\u010dky Hra\u010dka pro ko\u010dky Hra\u010dka pro zv\u00ed\u0159ata My\u0161<\/span><\/span><\/a><\/p>","protected":false},"featured_media":4421,"template":"","meta":[],"product_brand":[],"product_cat":[19,45],"product_tag":[41,137],"class_list":{"0":"post-4420","1":"product","2":"type-product","3":"status-publish","4":"has-post-thumbnail","6":"product_cat-cat_toy","7":"product_cat-mouse","8":"product_tag-cat-toys","9":"product_tag-catnip-toy","11":"first","12":"instock","13":"shipping-taxable","14":"product-type-simple"},"_links":{"self":[{"href":"https:\/\/www.wonpet.com\/cs\/wp-json\/wp\/v2\/product\/4420","targetHints":{"allow":["GET"]}}],"collection":[{"href":"https:\/\/www.wonpet.com\/cs\/wp-json\/wp\/v2\/product"}],"about":[{"href":"https:\/\/www.wonpet.com\/cs\/wp-json\/wp\/v2\/types\/product"}],"wp:featuredmedia":[{"embeddable":true,"href":"https:\/\/www.wonpet.com\/cs\/wp-json\/wp\/v2\/media\/4421"}],"wp:attachment":[{"href":"https:\/\/www.wonpet.com\/cs\/wp-json\/wp\/v2\/media?parent=4420"}],"wp:term":[{"taxonomy":"product_brand","embeddable":true,"href":"https:\/\/www.wonpet.com\/cs\/wp-json\/wp\/v2\/product_brand?post=4420"},{"taxonomy":"product_cat","embeddable":true,"href":"https:\/\/www.wonpet.com\/cs\/wp-json\/wp\/v2\/product_cat?post=4420"},{"taxonomy":"product_tag","embeddable":true,"href":"https:\/\/www.wonpet.com\/cs\/wp-json\/wp\/v2\/product_tag?post=4420"}],"curies":[{"name":"wp","href":"https:\/\/api.w.org\/{rel}","templated":true}]}}