{"id":4365,"date":"2022-04-06T05:58:53","date_gmt":"2022-04-06T05:58:53","guid":{"rendered":"https:\/\/www.wonpet.com\/?post_type=product&#038;p=4365"},"modified":"2022-04-06T05:58:54","modified_gmt":"2022-04-06T05:58:54","slug":"winpet-cat-hracka-zabavna-skakaci-hracka-interierova-hracka","status":"publish","type":"product","link":"https:\/\/www.wonpet.com\/cs\/produkt\/winpet-cat-hracka-zabavna-skakaci-hracka-interierova-hracka\/","title":{"rendered":"WONPET Hra\u010dka pro ko\u010dku Legra\u010dn\u00ed sk\u00e1kac\u00ed hra\u010dka do interi\u00e9ru"},"content":{"rendered":"","protected":false},"excerpt":{"rendered":"<p>\u010c. POLO\u017dKY: CT22025<\/p>\n<p>VELIKOST: 4 cm\u2026 <a href=\"https:\/\/www.wonpet.com\/cs\/produkt\/winpet-cat-hracka-zabavna-skakaci-hracka-interierova-hracka\/\" class=\"more-link\"><span class=\"more-button\">Kup nyn\u00ed<span class=\"screen-reader-text\">WONPET Hra\u010dka pro ko\u010dku Legra\u010dn\u00ed sk\u00e1kac\u00ed hra\u010dka do interi\u00e9ru<\/span><\/span><\/a><\/p>","protected":false},"featured_media":4366,"template":"","meta":[],"product_brand":[],"product_cat":[19],"product_tag":[144,126,125],"class_list":{"0":"post-4365","1":"product","2":"type-product","3":"status-publish","4":"has-post-thumbnail","6":"product_cat-cat_toy","7":"product_tag-bouncing-toy","8":"product_tag-cat-ball-toys","9":"product_tag-cat-supply","11":"first","12":"instock","13":"shipping-taxable","14":"product-type-simple"},"_links":{"self":[{"href":"https:\/\/www.wonpet.com\/cs\/wp-json\/wp\/v2\/product\/4365","targetHints":{"allow":["GET"]}}],"collection":[{"href":"https:\/\/www.wonpet.com\/cs\/wp-json\/wp\/v2\/product"}],"about":[{"href":"https:\/\/www.wonpet.com\/cs\/wp-json\/wp\/v2\/types\/product"}],"wp:featuredmedia":[{"embeddable":true,"href":"https:\/\/www.wonpet.com\/cs\/wp-json\/wp\/v2\/media\/4366"}],"wp:attachment":[{"href":"https:\/\/www.wonpet.com\/cs\/wp-json\/wp\/v2\/media?parent=4365"}],"wp:term":[{"taxonomy":"product_brand","embeddable":true,"href":"https:\/\/www.wonpet.com\/cs\/wp-json\/wp\/v2\/product_brand?post=4365"},{"taxonomy":"product_cat","embeddable":true,"href":"https:\/\/www.wonpet.com\/cs\/wp-json\/wp\/v2\/product_cat?post=4365"},{"taxonomy":"product_tag","embeddable":true,"href":"https:\/\/www.wonpet.com\/cs\/wp-json\/wp\/v2\/product_tag?post=4365"}],"curies":[{"name":"wp","href":"https:\/\/api.w.org\/{rel}","templated":true}]}}