{"id":397,"date":"2019-11-05T01:57:03","date_gmt":"2019-11-05T01:57:03","guid":{"rendered":"https:\/\/www.wonpet.com\/?post_type=product&#038;p=397"},"modified":"2019-11-05T01:57:04","modified_gmt":"2019-11-05T01:57:04","slug":"latexove-piskaci-psi-hracka-smajlik-oblicejove-koule","status":"publish","type":"product","link":"https:\/\/www.wonpet.com\/cs\/produkt\/latexove-piskaci-psi-hracka-smajlik-oblicejove-koule\/","title":{"rendered":"Latex Squeaky Dog Toy Smiley Face Balls"},"content":{"rendered":"","protected":false},"excerpt":{"rendered":"<p><strong>\u010c\u00cdSLO POLO\u017dKY: LT12005<\/strong><\/p>\n<p><strong>VELIKOST: 7CM<\/strong> \u2026 <a href=\"https:\/\/www.wonpet.com\/cs\/produkt\/latexove-piskaci-psi-hracka-smajlik-oblicejove-koule\/\" class=\"more-link\"><span class=\"more-button\">Kup nyn\u00ed<span class=\"screen-reader-text\">Latex Squeaky Dog Toy Smiley Face Balls<\/span><\/span><\/a><\/p>","protected":false},"featured_media":398,"template":"","meta":[],"product_brand":[],"product_cat":[18,20],"product_tag":[68,66],"class_list":{"0":"post-397","1":"product","2":"type-product","3":"status-publish","4":"has-post-thumbnail","6":"product_cat-dog_toy","7":"product_cat-latex_dog_toys","8":"product_tag-dog-toy-set","9":"product_tag-dog-toys-for-small-dogs","11":"first","12":"instock","13":"shipping-taxable","14":"product-type-simple"},"_links":{"self":[{"href":"https:\/\/www.wonpet.com\/cs\/wp-json\/wp\/v2\/product\/397","targetHints":{"allow":["GET"]}}],"collection":[{"href":"https:\/\/www.wonpet.com\/cs\/wp-json\/wp\/v2\/product"}],"about":[{"href":"https:\/\/www.wonpet.com\/cs\/wp-json\/wp\/v2\/types\/product"}],"wp:featuredmedia":[{"embeddable":true,"href":"https:\/\/www.wonpet.com\/cs\/wp-json\/wp\/v2\/media\/398"}],"wp:attachment":[{"href":"https:\/\/www.wonpet.com\/cs\/wp-json\/wp\/v2\/media?parent=397"}],"wp:term":[{"taxonomy":"product_brand","embeddable":true,"href":"https:\/\/www.wonpet.com\/cs\/wp-json\/wp\/v2\/product_brand?post=397"},{"taxonomy":"product_cat","embeddable":true,"href":"https:\/\/www.wonpet.com\/cs\/wp-json\/wp\/v2\/product_cat?post=397"},{"taxonomy":"product_tag","embeddable":true,"href":"https:\/\/www.wonpet.com\/cs\/wp-json\/wp\/v2\/product_tag?post=397"}],"curies":[{"name":"wp","href":"https:\/\/api.w.org\/{rel}","templated":true}]}}