{"id":302,"date":"2019-11-01T06:32:29","date_gmt":"2019-11-01T06:32:29","guid":{"rendered":"https:\/\/www.wonpet.com\/?post_type=product&#038;p=302"},"modified":"2019-11-01T06:32:29","modified_gmt":"2019-11-01T06:32:29","slug":"kvicici-latexove-hracka-stene-krasne-stojici-zviratko-sety","status":"publish","type":"product","link":"https:\/\/www.wonpet.com\/cs\/produkt\/kvicici-latexove-hracka-stene-krasne-stojici-zviratko-sety\/","title":{"rendered":"Squeak Latex Puppy Toy Lovely Set Animal Setets"},"content":{"rendered":"","protected":false},"excerpt":{"rendered":"<p><strong>\u010c\u00cdSLO POLO\u017dKY: LT17020-nov\u00fd<\/strong><\/p>\n<p><strong>VELIKOST: 10,5CM<\/strong> \u2026 <a href=\"https:\/\/www.wonpet.com\/cs\/produkt\/kvicici-latexove-hracka-stene-krasne-stojici-zviratko-sety\/\" class=\"more-link\"><span class=\"more-button\">Kup nyn\u00ed<span class=\"screen-reader-text\">Squeak Latex Puppy Toy Lovely Set Animal Setets<\/span><\/span><\/a><\/p>","protected":false},"featured_media":303,"template":"","meta":[],"product_brand":[],"product_cat":[18,20],"product_tag":[66,23],"class_list":{"0":"post-302","1":"product","2":"type-product","3":"status-publish","4":"has-post-thumbnail","6":"product_cat-dog_toy","7":"product_cat-latex_dog_toys","8":"product_tag-dog-toys-for-small-dogs","9":"product_tag-squeaky-dog-toys","11":"first","12":"instock","13":"shipping-taxable","14":"product-type-simple"},"_links":{"self":[{"href":"https:\/\/www.wonpet.com\/cs\/wp-json\/wp\/v2\/product\/302","targetHints":{"allow":["GET"]}}],"collection":[{"href":"https:\/\/www.wonpet.com\/cs\/wp-json\/wp\/v2\/product"}],"about":[{"href":"https:\/\/www.wonpet.com\/cs\/wp-json\/wp\/v2\/types\/product"}],"wp:featuredmedia":[{"embeddable":true,"href":"https:\/\/www.wonpet.com\/cs\/wp-json\/wp\/v2\/media\/303"}],"wp:attachment":[{"href":"https:\/\/www.wonpet.com\/cs\/wp-json\/wp\/v2\/media?parent=302"}],"wp:term":[{"taxonomy":"product_brand","embeddable":true,"href":"https:\/\/www.wonpet.com\/cs\/wp-json\/wp\/v2\/product_brand?post=302"},{"taxonomy":"product_cat","embeddable":true,"href":"https:\/\/www.wonpet.com\/cs\/wp-json\/wp\/v2\/product_cat?post=302"},{"taxonomy":"product_tag","embeddable":true,"href":"https:\/\/www.wonpet.com\/cs\/wp-json\/wp\/v2\/product_tag?post=302"}],"curies":[{"name":"wp","href":"https:\/\/api.w.org\/{rel}","templated":true}]}}