{"id":298,"date":"2019-11-01T06:22:44","date_gmt":"2019-11-01T06:22:44","guid":{"rendered":"https:\/\/www.wonpet.com\/?post_type=product&#038;p=298"},"modified":"2019-11-01T06:23:36","modified_gmt":"2019-11-01T06:23:36","slug":"latexove-psi-hracky-pro-stredni-psy","status":"publish","type":"product","link":"https:\/\/www.wonpet.com\/cs\/produkt\/latexove-psi-hracky-pro-stredni-psy\/","title":{"rendered":"Latexov\u00e9 ps\u00ed hra\u010dky pro st\u0159edn\u00ed psy"},"content":{"rendered":"","protected":false},"excerpt":{"rendered":"<p><strong>\u010c\u00cdSLO POLO\u017dKY: LT14060 \/ LT14059<\/strong><\/p>\n<p><strong>VELIKOST: 13CM \/ 12CM<\/strong> \u2026 <a href=\"https:\/\/www.wonpet.com\/cs\/produkt\/latexove-psi-hracky-pro-stredni-psy\/\" class=\"more-link\"><span class=\"more-button\">Kup nyn\u00ed<span class=\"screen-reader-text\">Latexov\u00e9 ps\u00ed hra\u010dky pro st\u0159edn\u00ed psy<\/span><\/span><\/a><\/p>","protected":false},"featured_media":299,"template":"","meta":[],"product_brand":[],"product_cat":[18,20],"product_tag":[65,66],"class_list":{"0":"post-298","1":"product","2":"type-product","3":"status-publish","4":"has-post-thumbnail","6":"product_cat-dog_toy","7":"product_cat-latex_dog_toys","8":"product_tag-dog-toys-for-medium-dogs","9":"product_tag-dog-toys-for-small-dogs","11":"first","12":"instock","13":"shipping-taxable","14":"product-type-simple"},"_links":{"self":[{"href":"https:\/\/www.wonpet.com\/cs\/wp-json\/wp\/v2\/product\/298","targetHints":{"allow":["GET"]}}],"collection":[{"href":"https:\/\/www.wonpet.com\/cs\/wp-json\/wp\/v2\/product"}],"about":[{"href":"https:\/\/www.wonpet.com\/cs\/wp-json\/wp\/v2\/types\/product"}],"wp:featuredmedia":[{"embeddable":true,"href":"https:\/\/www.wonpet.com\/cs\/wp-json\/wp\/v2\/media\/299"}],"wp:attachment":[{"href":"https:\/\/www.wonpet.com\/cs\/wp-json\/wp\/v2\/media?parent=298"}],"wp:term":[{"taxonomy":"product_brand","embeddable":true,"href":"https:\/\/www.wonpet.com\/cs\/wp-json\/wp\/v2\/product_brand?post=298"},{"taxonomy":"product_cat","embeddable":true,"href":"https:\/\/www.wonpet.com\/cs\/wp-json\/wp\/v2\/product_cat?post=298"},{"taxonomy":"product_tag","embeddable":true,"href":"https:\/\/www.wonpet.com\/cs\/wp-json\/wp\/v2\/product_tag?post=298"}],"curies":[{"name":"wp","href":"https:\/\/api.w.org\/{rel}","templated":true}]}}