{"id":282,"date":"2019-11-01T06:02:46","date_gmt":"2019-11-01T06:02:46","guid":{"rendered":"https:\/\/www.wonpet.com\/?post_type=product&#038;p=282"},"modified":"2019-11-01T06:02:46","modified_gmt":"2019-11-01T06:02:46","slug":"psi-latex-guma-koule-usmev-piskaci-hracka","status":"publish","type":"product","link":"https:\/\/www.wonpet.com\/cs\/produkt\/psi-latex-guma-koule-usmev-piskaci-hracka\/","title":{"rendered":"Psi latexov\u00e9 gumov\u00e9 \u00fasm\u011bvy kuli\u010dky p\u00edskaj\u00edc\u00ed hra\u010dka"},"content":{"rendered":"","protected":false},"excerpt":{"rendered":"<p><strong>\u010c\u00cdSLO POLO\u017dKY: LT15031<\/strong><\/p>\n<p><strong>VELIKOST: 6,5CM<\/strong> \u2026 <a href=\"https:\/\/www.wonpet.com\/cs\/produkt\/psi-latex-guma-koule-usmev-piskaci-hracka\/\" class=\"more-link\"><span class=\"more-button\">Kup nyn\u00ed<span class=\"screen-reader-text\">Psi latexov\u00e9 gumov\u00e9 \u00fasm\u011bvy kuli\u010dky p\u00edskaj\u00edc\u00ed hra\u010dka<\/span><\/span><\/a><\/p>","protected":false},"featured_media":283,"template":"","meta":[],"product_brand":[],"product_cat":[18,20],"product_tag":[64,63],"class_list":{"0":"post-282","1":"product","2":"type-product","3":"status-publish","4":"has-post-thumbnail","6":"product_cat-dog_toy","7":"product_cat-latex_dog_toys","8":"product_tag-playing-toy","9":"product_tag-smiling-dog-toy","11":"first","12":"instock","13":"shipping-taxable","14":"product-type-simple"},"_links":{"self":[{"href":"https:\/\/www.wonpet.com\/cs\/wp-json\/wp\/v2\/product\/282","targetHints":{"allow":["GET"]}}],"collection":[{"href":"https:\/\/www.wonpet.com\/cs\/wp-json\/wp\/v2\/product"}],"about":[{"href":"https:\/\/www.wonpet.com\/cs\/wp-json\/wp\/v2\/types\/product"}],"wp:featuredmedia":[{"embeddable":true,"href":"https:\/\/www.wonpet.com\/cs\/wp-json\/wp\/v2\/media\/283"}],"wp:attachment":[{"href":"https:\/\/www.wonpet.com\/cs\/wp-json\/wp\/v2\/media?parent=282"}],"wp:term":[{"taxonomy":"product_brand","embeddable":true,"href":"https:\/\/www.wonpet.com\/cs\/wp-json\/wp\/v2\/product_brand?post=282"},{"taxonomy":"product_cat","embeddable":true,"href":"https:\/\/www.wonpet.com\/cs\/wp-json\/wp\/v2\/product_cat?post=282"},{"taxonomy":"product_tag","embeddable":true,"href":"https:\/\/www.wonpet.com\/cs\/wp-json\/wp\/v2\/product_tag?post=282"}],"curies":[{"name":"wp","href":"https:\/\/api.w.org\/{rel}","templated":true}]}}