{"id":225,"date":"2019-10-31T08:05:40","date_gmt":"2019-10-31T08:05:40","guid":{"rendered":"https:\/\/www.wonpet.com\/?post_type=product&#038;p=225"},"modified":"2019-10-31T08:06:14","modified_gmt":"2019-10-31T08:06:14","slug":"piskaci-latexove-gumove-psi-hracky-micky","status":"publish","type":"product","link":"https:\/\/www.wonpet.com\/cs\/produkt\/piskaci-latexove-gumove-psi-hracky-micky\/","title":{"rendered":"Kuli\u010dkov\u00e9 gumov\u00e9 ps\u00ed kuli\u010dky"},"content":{"rendered":"","protected":false},"excerpt":{"rendered":"<p><strong>\u010c\u00cdSLO POLO\u017dKY: LT12014<\/strong><\/p>\n<p><strong>VELIKOST: 10CM<\/strong> \u2026 <a href=\"https:\/\/www.wonpet.com\/cs\/produkt\/piskaci-latexove-gumove-psi-hracky-micky\/\" class=\"more-link\"><span class=\"more-button\">Kup nyn\u00ed<span class=\"screen-reader-text\">Kuli\u010dkov\u00e9 gumov\u00e9 ps\u00ed kuli\u010dky<\/span><\/span><\/a><\/p>","protected":false},"featured_media":227,"template":"","meta":[],"product_brand":[],"product_cat":[18,20,15],"product_tag":[62,23],"class_list":{"0":"post-225","1":"product","2":"type-product","3":"status-publish","4":"has-post-thumbnail","6":"product_cat-dog_toy","7":"product_cat-latex_dog_toys","8":"product_cat-uncategorized","9":"product_tag-small-dog-toys","10":"product_tag-squeaky-dog-toys","12":"first","13":"instock","14":"shipping-taxable","15":"product-type-simple"},"_links":{"self":[{"href":"https:\/\/www.wonpet.com\/cs\/wp-json\/wp\/v2\/product\/225","targetHints":{"allow":["GET"]}}],"collection":[{"href":"https:\/\/www.wonpet.com\/cs\/wp-json\/wp\/v2\/product"}],"about":[{"href":"https:\/\/www.wonpet.com\/cs\/wp-json\/wp\/v2\/types\/product"}],"wp:featuredmedia":[{"embeddable":true,"href":"https:\/\/www.wonpet.com\/cs\/wp-json\/wp\/v2\/media\/227"}],"wp:attachment":[{"href":"https:\/\/www.wonpet.com\/cs\/wp-json\/wp\/v2\/media?parent=225"}],"wp:term":[{"taxonomy":"product_brand","embeddable":true,"href":"https:\/\/www.wonpet.com\/cs\/wp-json\/wp\/v2\/product_brand?post=225"},{"taxonomy":"product_cat","embeddable":true,"href":"https:\/\/www.wonpet.com\/cs\/wp-json\/wp\/v2\/product_cat?post=225"},{"taxonomy":"product_tag","embeddable":true,"href":"https:\/\/www.wonpet.com\/cs\/wp-json\/wp\/v2\/product_tag?post=225"}],"curies":[{"name":"wp","href":"https:\/\/api.w.org\/{rel}","templated":true}]}}