{"id":144,"date":"2019-10-31T06:50:28","date_gmt":"2019-10-31T06:50:28","guid":{"rendered":"https:\/\/www.wonpet.com\/?post_type=product&#038;p=144"},"modified":"2019-10-31T08:07:09","modified_gmt":"2019-10-31T08:07:09","slug":"chrastitko-kocka-hracky-mysi-s-perickem","status":"publish","type":"product","link":"https:\/\/www.wonpet.com\/cs\/produkt\/chrastitko-kocka-hracky-mysi-s-perickem\/","title":{"rendered":"Chrast\u00edtka pro ko\u010dky s p\u00e9\u0159ov\u00fdmi pery"},"content":{"rendered":"","protected":false},"excerpt":{"rendered":"<p><strong>\u010c\u00cdSLO POLO\u017dKY: CT18203<\/strong><\/p>\n<p><strong>VELIKOST: 4,5CM<\/strong> \u2026 <a href=\"https:\/\/www.wonpet.com\/cs\/produkt\/chrastitko-kocka-hracky-mysi-s-perickem\/\" class=\"more-link\"><span class=\"more-button\">Kup nyn\u00ed<span class=\"screen-reader-text\">Chrast\u00edtka pro ko\u010dky s p\u00e9\u0159ov\u00fdmi pery<\/span><\/span><\/a><\/p>","protected":false},"featured_media":145,"template":"","meta":[],"product_brand":[],"product_cat":[19,45],"product_tag":[56,41],"class_list":{"0":"post-144","1":"product","2":"type-product","3":"status-publish","4":"has-post-thumbnail","6":"product_cat-cat_toy","7":"product_cat-mouse","8":"product_tag-cat-mice","9":"product_tag-cat-toys","11":"first","12":"instock","13":"shipping-taxable","14":"product-type-simple"},"_links":{"self":[{"href":"https:\/\/www.wonpet.com\/cs\/wp-json\/wp\/v2\/product\/144","targetHints":{"allow":["GET"]}}],"collection":[{"href":"https:\/\/www.wonpet.com\/cs\/wp-json\/wp\/v2\/product"}],"about":[{"href":"https:\/\/www.wonpet.com\/cs\/wp-json\/wp\/v2\/types\/product"}],"wp:featuredmedia":[{"embeddable":true,"href":"https:\/\/www.wonpet.com\/cs\/wp-json\/wp\/v2\/media\/145"}],"wp:attachment":[{"href":"https:\/\/www.wonpet.com\/cs\/wp-json\/wp\/v2\/media?parent=144"}],"wp:term":[{"taxonomy":"product_brand","embeddable":true,"href":"https:\/\/www.wonpet.com\/cs\/wp-json\/wp\/v2\/product_brand?post=144"},{"taxonomy":"product_cat","embeddable":true,"href":"https:\/\/www.wonpet.com\/cs\/wp-json\/wp\/v2\/product_cat?post=144"},{"taxonomy":"product_tag","embeddable":true,"href":"https:\/\/www.wonpet.com\/cs\/wp-json\/wp\/v2\/product_tag?post=144"}],"curies":[{"name":"wp","href":"https:\/\/api.w.org\/{rel}","templated":true}]}}