{"id":1414,"date":"2019-11-15T05:32:56","date_gmt":"2019-11-15T05:32:56","guid":{"rendered":"https:\/\/www.wonpet.com\/?post_type=product&#038;p=1414"},"modified":"2019-11-15T05:33:10","modified_gmt":"2019-11-15T05:33:10","slug":"kocici-zasoba-pirko-kocici-hracky-kocici-hulka-kocici-tycka-4","status":"publish","type":"product","link":"https:\/\/www.wonpet.com\/cs\/produkt\/kocici-zasoba-pirko-kocici-hracky-kocici-hulka-kocici-tycka-4\/","title":{"rendered":"Cat Supply Feather Cat Hra\u010dky Cat Wand Cat Stick"},"content":{"rendered":"","protected":false},"excerpt":{"rendered":"<p>\u010c\u00cdSLO POLO\u017dKY: CW17015<\/p>\n<p>VELIKOST: 47 cm\u2026 <a href=\"https:\/\/www.wonpet.com\/cs\/produkt\/kocici-zasoba-pirko-kocici-hracky-kocici-hulka-kocici-tycka-4\/\" class=\"more-link\"><span class=\"more-button\">Kup nyn\u00ed<span class=\"screen-reader-text\">Cat Supply Feather Cat Hra\u010dky Cat Wand Cat Stick<\/span><\/span><\/a><\/p>","protected":false},"featured_media":1394,"template":"","meta":[],"product_brand":[],"product_cat":[19,43],"product_tag":[142,49],"class_list":{"0":"post-1414","1":"product","2":"type-product","3":"status-publish","4":"has-post-thumbnail","6":"product_cat-cat_toy","7":"product_cat-cat-wand","8":"product_tag-cat-stick","9":"product_tag-cat-wand","11":"first","12":"instock","13":"shipping-taxable","14":"product-type-simple"},"_links":{"self":[{"href":"https:\/\/www.wonpet.com\/cs\/wp-json\/wp\/v2\/product\/1414","targetHints":{"allow":["GET"]}}],"collection":[{"href":"https:\/\/www.wonpet.com\/cs\/wp-json\/wp\/v2\/product"}],"about":[{"href":"https:\/\/www.wonpet.com\/cs\/wp-json\/wp\/v2\/types\/product"}],"wp:featuredmedia":[{"embeddable":true,"href":"https:\/\/www.wonpet.com\/cs\/wp-json\/wp\/v2\/media\/1394"}],"wp:attachment":[{"href":"https:\/\/www.wonpet.com\/cs\/wp-json\/wp\/v2\/media?parent=1414"}],"wp:term":[{"taxonomy":"product_brand","embeddable":true,"href":"https:\/\/www.wonpet.com\/cs\/wp-json\/wp\/v2\/product_brand?post=1414"},{"taxonomy":"product_cat","embeddable":true,"href":"https:\/\/www.wonpet.com\/cs\/wp-json\/wp\/v2\/product_cat?post=1414"},{"taxonomy":"product_tag","embeddable":true,"href":"https:\/\/www.wonpet.com\/cs\/wp-json\/wp\/v2\/product_tag?post=1414"}],"curies":[{"name":"wp","href":"https:\/\/api.w.org\/{rel}","templated":true}]}}