{"id":1343,"date":"2019-11-15T03:52:42","date_gmt":"2019-11-15T03:52:42","guid":{"rendered":"https:\/\/www.wonpet.com\/?post_type=product&#038;p=1343"},"modified":"2019-11-15T03:52:58","modified_gmt":"2019-11-15T03:52:58","slug":"sada-hracky-kocek-s-mysi-a-kulicky-potreba-pet-3","status":"publish","type":"product","link":"https:\/\/www.wonpet.com\/cs\/produkt\/sada-hracky-kocek-s-mysi-a-kulicky-potreba-pet-3\/","title":{"rendered":"Hra\u010dky pro ko\u010dky s dom\u00e1c\u00edmi zv\u00ed\u0159aty pro my\u0161i a m\u00ed\u010de"},"content":{"rendered":"","protected":false},"excerpt":{"rendered":"<p>POLO\u017dKA \u010c.: D-sada 25<\/p>\n<p>VELIKOST: 3ks\/sada\u2026 <a href=\"https:\/\/www.wonpet.com\/cs\/produkt\/sada-hracky-kocek-s-mysi-a-kulicky-potreba-pet-3\/\" class=\"more-link\"><span class=\"more-button\">Kup nyn\u00ed<span class=\"screen-reader-text\">Hra\u010dky pro ko\u010dky s dom\u00e1c\u00edmi zv\u00ed\u0159aty pro my\u0161i a m\u00ed\u010de<\/span><\/span><\/a><\/p>","protected":false},"featured_media":1341,"template":"","meta":[],"product_brand":[],"product_cat":[44,19,45],"product_tag":[125,137],"class_list":{"0":"post-1343","1":"product","2":"type-product","3":"status-publish","4":"has-post-thumbnail","6":"product_cat-cat-ball","7":"product_cat-cat_toy","8":"product_cat-mouse","9":"product_tag-cat-supply","10":"product_tag-catnip-toy","12":"first","13":"instock","14":"shipping-taxable","15":"product-type-simple"},"_links":{"self":[{"href":"https:\/\/www.wonpet.com\/cs\/wp-json\/wp\/v2\/product\/1343","targetHints":{"allow":["GET"]}}],"collection":[{"href":"https:\/\/www.wonpet.com\/cs\/wp-json\/wp\/v2\/product"}],"about":[{"href":"https:\/\/www.wonpet.com\/cs\/wp-json\/wp\/v2\/types\/product"}],"wp:featuredmedia":[{"embeddable":true,"href":"https:\/\/www.wonpet.com\/cs\/wp-json\/wp\/v2\/media\/1341"}],"wp:attachment":[{"href":"https:\/\/www.wonpet.com\/cs\/wp-json\/wp\/v2\/media?parent=1343"}],"wp:term":[{"taxonomy":"product_brand","embeddable":true,"href":"https:\/\/www.wonpet.com\/cs\/wp-json\/wp\/v2\/product_brand?post=1343"},{"taxonomy":"product_cat","embeddable":true,"href":"https:\/\/www.wonpet.com\/cs\/wp-json\/wp\/v2\/product_cat?post=1343"},{"taxonomy":"product_tag","embeddable":true,"href":"https:\/\/www.wonpet.com\/cs\/wp-json\/wp\/v2\/product_tag?post=1343"}],"curies":[{"name":"wp","href":"https:\/\/api.w.org\/{rel}","templated":true}]}}