{"id":129,"date":"2019-10-31T06:39:34","date_gmt":"2019-10-31T06:39:34","guid":{"rendered":"https:\/\/www.wonpet.com\/?post_type=product&#038;p=129"},"modified":"2019-10-31T06:40:44","modified_gmt":"2019-10-31T06:40:44","slug":"piskaci-plysovy-psi-hracka","status":"publish","type":"product","link":"https:\/\/www.wonpet.com\/cs\/produkt\/piskaci-plysovy-psi-hracka\/","title":{"rendered":"Squeak Plush Dog Toy"},"content":{"rendered":"","protected":false},"excerpt":{"rendered":"<p>\u010c\u00cdSLO POLO\u017dKY: PL20017<\/p>\n<p>VELIKOST: 24 cm\u2026 <a href=\"https:\/\/www.wonpet.com\/cs\/produkt\/piskaci-plysovy-psi-hracka\/\" class=\"more-link\"><span class=\"more-button\">Kup nyn\u00ed<span class=\"screen-reader-text\">Squeak Plush Dog Toy<\/span><\/span><\/a><\/p>","protected":false},"featured_media":135,"template":"","meta":[],"product_brand":[],"product_cat":[18,51],"product_tag":[52,23],"class_list":{"0":"post-129","1":"product","2":"type-product","3":"status-publish","4":"has-post-thumbnail","6":"product_cat-dog_toy","7":"product_cat-plush-toy","8":"product_tag-plush-dog-toy","9":"product_tag-squeaky-dog-toys","11":"first","12":"instock","13":"shipping-taxable","14":"product-type-simple"},"_links":{"self":[{"href":"https:\/\/www.wonpet.com\/cs\/wp-json\/wp\/v2\/product\/129","targetHints":{"allow":["GET"]}}],"collection":[{"href":"https:\/\/www.wonpet.com\/cs\/wp-json\/wp\/v2\/product"}],"about":[{"href":"https:\/\/www.wonpet.com\/cs\/wp-json\/wp\/v2\/types\/product"}],"wp:featuredmedia":[{"embeddable":true,"href":"https:\/\/www.wonpet.com\/cs\/wp-json\/wp\/v2\/media\/135"}],"wp:attachment":[{"href":"https:\/\/www.wonpet.com\/cs\/wp-json\/wp\/v2\/media?parent=129"}],"wp:term":[{"taxonomy":"product_brand","embeddable":true,"href":"https:\/\/www.wonpet.com\/cs\/wp-json\/wp\/v2\/product_brand?post=129"},{"taxonomy":"product_cat","embeddable":true,"href":"https:\/\/www.wonpet.com\/cs\/wp-json\/wp\/v2\/product_cat?post=129"},{"taxonomy":"product_tag","embeddable":true,"href":"https:\/\/www.wonpet.com\/cs\/wp-json\/wp\/v2\/product_tag?post=129"}],"curies":[{"name":"wp","href":"https:\/\/api.w.org\/{rel}","templated":true}]}}