{"id":1244,"date":"2019-11-15T03:02:42","date_gmt":"2019-11-15T03:02:42","guid":{"rendered":"https:\/\/www.wonpet.com\/?post_type=product&#038;p=1244"},"modified":"2019-11-15T03:06:03","modified_gmt":"2019-11-15T03:06:03","slug":"kocici-zasoba-kocka-hracka-v-papiru-materialu-se-zvonkem","status":"publish","type":"product","link":"https:\/\/www.wonpet.com\/cs\/produkt\/kocici-zasoba-kocka-hracka-v-papiru-materialu-se-zvonkem\/","title":{"rendered":"Ko\u010di\u010d\u00ed hra\u010dka pro ko\u010dky v pap\u00edrov\u00e9m materi\u00e1lu se zvonkem"},"content":{"rendered":"","protected":false},"excerpt":{"rendered":"<p>\u010c\u00cdSLO POLO\u017dKY: CT19054<\/p>\n<p>VELIKOST: 11 cm\u2026 <a href=\"https:\/\/www.wonpet.com\/cs\/produkt\/kocici-zasoba-kocka-hracka-v-papiru-materialu-se-zvonkem\/\" class=\"more-link\"><span class=\"more-button\">Kup nyn\u00ed<span class=\"screen-reader-text\">Ko\u010di\u010d\u00ed hra\u010dka pro ko\u010dky v pap\u00edrov\u00e9m materi\u00e1lu se zvonkem<\/span><\/span><\/a><\/p>","protected":false},"featured_media":1246,"template":"","meta":[],"product_brand":[],"product_cat":[46,19],"product_tag":[125,41],"class_list":{"0":"post-1244","1":"product","2":"type-product","3":"status-publish","4":"has-post-thumbnail","6":"product_cat-animals-others","7":"product_cat-cat_toy","8":"product_tag-cat-supply","9":"product_tag-cat-toys","11":"first","12":"instock","13":"shipping-taxable","14":"product-type-simple"},"_links":{"self":[{"href":"https:\/\/www.wonpet.com\/cs\/wp-json\/wp\/v2\/product\/1244","targetHints":{"allow":["GET"]}}],"collection":[{"href":"https:\/\/www.wonpet.com\/cs\/wp-json\/wp\/v2\/product"}],"about":[{"href":"https:\/\/www.wonpet.com\/cs\/wp-json\/wp\/v2\/types\/product"}],"wp:featuredmedia":[{"embeddable":true,"href":"https:\/\/www.wonpet.com\/cs\/wp-json\/wp\/v2\/media\/1246"}],"wp:attachment":[{"href":"https:\/\/www.wonpet.com\/cs\/wp-json\/wp\/v2\/media?parent=1244"}],"wp:term":[{"taxonomy":"product_brand","embeddable":true,"href":"https:\/\/www.wonpet.com\/cs\/wp-json\/wp\/v2\/product_brand?post=1244"},{"taxonomy":"product_cat","embeddable":true,"href":"https:\/\/www.wonpet.com\/cs\/wp-json\/wp\/v2\/product_cat?post=1244"},{"taxonomy":"product_tag","embeddable":true,"href":"https:\/\/www.wonpet.com\/cs\/wp-json\/wp\/v2\/product_tag?post=1244"}],"curies":[{"name":"wp","href":"https:\/\/api.w.org\/{rel}","templated":true}]}}