{"id":1240,"date":"2019-11-15T03:00:19","date_gmt":"2019-11-15T03:00:19","guid":{"rendered":"https:\/\/www.wonpet.com\/?post_type=product&#038;p=1240"},"modified":"2019-11-15T03:00:40","modified_gmt":"2019-11-15T03:00:40","slug":"winpet-kocka-bavlnene-hracky-mysi-pet-potreba-s-catnip-9","status":"publish","type":"product","link":"https:\/\/www.wonpet.com\/cs\/produkt\/winpet-kocka-bavlnene-hracky-mysi-pet-potreba-s-catnip-9\/","title":{"rendered":"WONPET Hra\u010dky pro ko\u010dky z bavln\u011bn\u00e9ho zv\u00ed\u0159ete s Catnip"},"content":{"rendered":"","protected":false},"excerpt":{"rendered":"<p>\u010c\u00cdSLO POLO\u017dKY: CT19047<\/p>\n<p>VELIKOST: 6 cm\u2026 <a href=\"https:\/\/www.wonpet.com\/cs\/produkt\/winpet-kocka-bavlnene-hracky-mysi-pet-potreba-s-catnip-9\/\" class=\"more-link\"><span class=\"more-button\">Kup nyn\u00ed<span class=\"screen-reader-text\">WONPET Hra\u010dky pro ko\u010dky z bavln\u011bn\u00e9ho zv\u00ed\u0159ete s Catnip<\/span><\/span><\/a><\/p>","protected":false},"featured_media":1236,"template":"","meta":[],"product_brand":[],"product_cat":[44,19],"product_tag":[126,136],"class_list":{"0":"post-1240","1":"product","2":"type-product","3":"status-publish","4":"has-post-thumbnail","6":"product_cat-cat-ball","7":"product_cat-cat_toy","8":"product_tag-cat-ball-toys","9":"product_tag-stuffed-cotton-mouse","11":"first","12":"instock","13":"shipping-taxable","14":"product-type-simple"},"_links":{"self":[{"href":"https:\/\/www.wonpet.com\/cs\/wp-json\/wp\/v2\/product\/1240","targetHints":{"allow":["GET"]}}],"collection":[{"href":"https:\/\/www.wonpet.com\/cs\/wp-json\/wp\/v2\/product"}],"about":[{"href":"https:\/\/www.wonpet.com\/cs\/wp-json\/wp\/v2\/types\/product"}],"wp:featuredmedia":[{"embeddable":true,"href":"https:\/\/www.wonpet.com\/cs\/wp-json\/wp\/v2\/media\/1236"}],"wp:attachment":[{"href":"https:\/\/www.wonpet.com\/cs\/wp-json\/wp\/v2\/media?parent=1240"}],"wp:term":[{"taxonomy":"product_brand","embeddable":true,"href":"https:\/\/www.wonpet.com\/cs\/wp-json\/wp\/v2\/product_brand?post=1240"},{"taxonomy":"product_cat","embeddable":true,"href":"https:\/\/www.wonpet.com\/cs\/wp-json\/wp\/v2\/product_cat?post=1240"},{"taxonomy":"product_tag","embeddable":true,"href":"https:\/\/www.wonpet.com\/cs\/wp-json\/wp\/v2\/product_tag?post=1240"}],"curies":[{"name":"wp","href":"https:\/\/api.w.org\/{rel}","templated":true}]}}