{"id":1109,"date":"2019-11-13T08:13:49","date_gmt":"2019-11-13T08:13:49","guid":{"rendered":"https:\/\/www.wonpet.com\/?post_type=product&#038;p=1109"},"modified":"2019-11-13T08:13:49","modified_gmt":"2019-11-13T08:13:49","slug":"mekke-kocky-hracky-mysky-s-vycpanou-bavlnenou-mysi-13","status":"publish","type":"product","link":"https:\/\/www.wonpet.com\/cs\/produkt\/mekke-kocky-hracky-mysky-s-vycpanou-bavlnenou-mysi-13\/","title":{"rendered":"M\u011bkk\u00e9 ko\u010di\u010d\u00ed hra\u010dky s vycpanou bavln\u011bnou my\u0161\u00ed"},"content":{"rendered":"","protected":false},"excerpt":{"rendered":"<p>\u010c. POLO\u017dKY: CT12047<\/p>\n<p>VELIKOST: 6 cm\u2026 <a href=\"https:\/\/www.wonpet.com\/cs\/produkt\/mekke-kocky-hracky-mysky-s-vycpanou-bavlnenou-mysi-13\/\" class=\"more-link\"><span class=\"more-button\">Kup nyn\u00ed<span class=\"screen-reader-text\">M\u011bkk\u00e9 ko\u010di\u010d\u00ed hra\u010dky s vycpanou bavln\u011bnou my\u0161\u00ed<\/span><\/span><\/a><\/p>","protected":false},"featured_media":1095,"template":"","meta":[],"product_brand":[],"product_cat":[19,45],"product_tag":[56,136],"class_list":{"0":"post-1109","1":"product","2":"type-product","3":"status-publish","4":"has-post-thumbnail","6":"product_cat-cat_toy","7":"product_cat-mouse","8":"product_tag-cat-mice","9":"product_tag-stuffed-cotton-mouse","11":"first","12":"instock","13":"shipping-taxable","14":"product-type-simple"},"_links":{"self":[{"href":"https:\/\/www.wonpet.com\/cs\/wp-json\/wp\/v2\/product\/1109","targetHints":{"allow":["GET"]}}],"collection":[{"href":"https:\/\/www.wonpet.com\/cs\/wp-json\/wp\/v2\/product"}],"about":[{"href":"https:\/\/www.wonpet.com\/cs\/wp-json\/wp\/v2\/types\/product"}],"wp:featuredmedia":[{"embeddable":true,"href":"https:\/\/www.wonpet.com\/cs\/wp-json\/wp\/v2\/media\/1095"}],"wp:attachment":[{"href":"https:\/\/www.wonpet.com\/cs\/wp-json\/wp\/v2\/media?parent=1109"}],"wp:term":[{"taxonomy":"product_brand","embeddable":true,"href":"https:\/\/www.wonpet.com\/cs\/wp-json\/wp\/v2\/product_brand?post=1109"},{"taxonomy":"product_cat","embeddable":true,"href":"https:\/\/www.wonpet.com\/cs\/wp-json\/wp\/v2\/product_cat?post=1109"},{"taxonomy":"product_tag","embeddable":true,"href":"https:\/\/www.wonpet.com\/cs\/wp-json\/wp\/v2\/product_tag?post=1109"}],"curies":[{"name":"wp","href":"https:\/\/api.w.org\/{rel}","templated":true}]}}