{"id":1060,"date":"2019-11-13T06:52:52","date_gmt":"2019-11-13T06:52:52","guid":{"rendered":"https:\/\/www.wonpet.com\/?post_type=product&#038;p=1060"},"modified":"2019-11-13T06:52:52","modified_gmt":"2019-11-13T06:52:52","slug":"kocici-hracky-micky-mysi-pro-kocku-hrajici-3","status":"publish","type":"product","link":"https:\/\/www.wonpet.com\/cs\/produkt\/kocici-hracky-micky-mysi-pro-kocku-hrajici-3\/","title":{"rendered":"Ko\u010di\u010d\u00ed hra\u010dky koule pro hran\u00ed ko\u010dek"},"content":{"rendered":"","protected":false},"excerpt":{"rendered":"<p>\u010c\u00cdSLO POLO\u017dKY: CTM00185<\/p>\n<p>VELIKOST: 28 cm\u2026 <a href=\"https:\/\/www.wonpet.com\/cs\/produkt\/kocici-hracky-micky-mysi-pro-kocku-hrajici-3\/\" class=\"more-link\"><span class=\"more-button\">Kup nyn\u00ed<span class=\"screen-reader-text\">Ko\u010di\u010d\u00ed hra\u010dky koule pro hran\u00ed ko\u010dek<\/span><\/span><\/a><\/p>","protected":false},"featured_media":1058,"template":"","meta":[],"product_brand":[],"product_cat":[44,19,45],"product_tag":[126,56],"class_list":{"0":"post-1060","1":"product","2":"type-product","3":"status-publish","4":"has-post-thumbnail","6":"product_cat-cat-ball","7":"product_cat-cat_toy","8":"product_cat-mouse","9":"product_tag-cat-ball-toys","10":"product_tag-cat-mice","12":"first","13":"instock","14":"shipping-taxable","15":"product-type-simple"},"_links":{"self":[{"href":"https:\/\/www.wonpet.com\/cs\/wp-json\/wp\/v2\/product\/1060","targetHints":{"allow":["GET"]}}],"collection":[{"href":"https:\/\/www.wonpet.com\/cs\/wp-json\/wp\/v2\/product"}],"about":[{"href":"https:\/\/www.wonpet.com\/cs\/wp-json\/wp\/v2\/types\/product"}],"wp:featuredmedia":[{"embeddable":true,"href":"https:\/\/www.wonpet.com\/cs\/wp-json\/wp\/v2\/media\/1058"}],"wp:attachment":[{"href":"https:\/\/www.wonpet.com\/cs\/wp-json\/wp\/v2\/media?parent=1060"}],"wp:term":[{"taxonomy":"product_brand","embeddable":true,"href":"https:\/\/www.wonpet.com\/cs\/wp-json\/wp\/v2\/product_brand?post=1060"},{"taxonomy":"product_cat","embeddable":true,"href":"https:\/\/www.wonpet.com\/cs\/wp-json\/wp\/v2\/product_cat?post=1060"},{"taxonomy":"product_tag","embeddable":true,"href":"https:\/\/www.wonpet.com\/cs\/wp-json\/wp\/v2\/product_tag?post=1060"}],"curies":[{"name":"wp","href":"https:\/\/api.w.org\/{rel}","templated":true}]}}